{"id":7,"date":"2019-08-22T16:00:33","date_gmt":"2019-08-22T16:00:33","guid":{"rendered":"http:\/\/triopera.es\/?page_id=7"},"modified":"2019-09-16T10:58:51","modified_gmt":"2019-09-16T10:58:51","slug":"triopera-quienes-somos","status":"publish","type":"page","link":"https:\/\/triopera.es\/index.php\/triopera-quienes-somos\/","title":{"rendered":"Quienes somos"},"content":{"rendered":"\n<p> TriOpera es un tr\u00edo l\u00edrico ubicado en Madrid, Espa\u00f1a, compuesto por una <a href=\"http:\/\/triopera.es\/index.php\/artist\/susana-del-rincon-soprano-lirica\/\">soprano<\/a>, un&nbsp;<a href=\"http:\/\/triopera.es\/index.php\/artist\/andres-lopez-mora\/\">tenor<\/a>&nbsp;y un&nbsp;<a href=\"http:\/\/triopera.es\/index.php\/artist\/vicente-romani\/\">pianista<\/a>,  que realiza conciertos de \u00f3pera y zarzuela, bien sean peque\u00f1os  espect\u00e1culos l\u00edricos o galas l\u00edricas, as\u00ed como conciertos did\u00e1cticos,&nbsp;etc. en iglesias, centros p\u00fablicos, centros culturales, asociaciones, museos, embajadas, hoteles, etc.<br>TriOpera tambi\u00e9n interpreta <a href=\"http:\/\/triopera.es\/index.php\/nuestras-propuestas\/\">m\u00fasica en todo tipo de ceremonias<\/a>, ya sean civiles o religiosas, tales como&nbsp;<a href=\"http:\/\/triopera.es\/index.php\/bodas-y-celebraciones\/\">bodas<\/a>, bautizos, comuniones, ordenaciones sacerdotales, etc.<br>TriOpera interpreta obras del repertorio cl\u00e1sico:&nbsp;<a href=\"http:\/\/triopera.es\/index.php\/eventos\/\">arias y d\u00faos de \u00f3pera<\/a>&nbsp;y&nbsp;<a href=\"http:\/\/triopera.es\/index.php\/repertorio-de-camara\/\">canciones de c\u00e1mara<\/a>, as\u00ed como de obras de genuina tradici\u00f3n espa\u00f1ola:&nbsp;<a href=\"http:\/\/triopera.es\/index.php\/repertorio-de-zarzuela\/\">zarzuela y canci\u00f3n espa\u00f1ola.<\/a><br>Cada  concierto l\u00edrico supone la interpretaci\u00f3n de una obra de arte original e  irrepetible y proporciona un recuerdo imborrable de cualquier evento.  Hemos elaborado unos&nbsp;<a href=\"http:\/\/triopera.es\/index.php\/nuestras-propuestas\/\">programas<\/a>&nbsp;variados,  que creemos&nbsp;se ajustan a distintos gustos y necesidades.&nbsp;Sin embargo&nbsp;no  son m\u00e1s que propuestas que pueden cambiarse a partir de nuestro&nbsp;variado&nbsp;<a href=\"http:\/\/triopera.es\/index.php\/nuestro-repertorio\/\">repertorio<\/a>&nbsp;que podr\u00e1 escuchar adem\u00e1s en nuestra&nbsp;<a href=\"http:\/\/triopera.es\/index.php\/audio\/\">galer\u00eda multimedia<\/a>&nbsp;y conocer as\u00ed nuestras voces.<br>No dude en&nbsp; consultar nuestra secci\u00f3n de&nbsp;<a href=\"http:\/\/triopera.es\/index.php\/preguntas-frecuentes-soprano-tenor-pianista\/\">preguntas frecuentes<\/a>&nbsp;y de&nbsp;<a href=\"http:\/\/triopera.es\/index.php\/contacto\/\">ponerse en contacto con nosotros<\/a>, estaremos encantados de resolverle sus dudas, y hacerle un presupuesto para su evento sin ning\u00fan compromiso. <\/p>\n","protected":false},"excerpt":{"rendered":"<p>TriOpera es un tr\u00edo l\u00edrico ubicado en Madrid, Espa\u00f1a, compuesto por una soprano, un&nbsp;tenor&nbsp;y un&nbsp;pianista, que realiza conciertos de \u00f3pera y zarzuela, bien sean peque\u00f1os espect\u00e1culos l\u00edricos o galas l\u00edricas, as\u00ed como conciertos did\u00e1cticos,&nbsp;etc. en iglesias, centros p\u00fablicos, centros culturales, asociaciones, museos, embajadas, hoteles, etc.TriOpera tambi\u00e9n interpreta m\u00fasica en todo tipo de ceremonias, ya sean civiles o religiosas, tales como&nbsp;bodas, bautizos, comuniones, ordenaciones sacerdotales, etc.TriOpera interpreta obras del repertorio cl\u00e1sico:&nbsp;arias y d\u00faos de \u00f3pera&nbsp;y&nbsp;canciones de c\u00e1mara, as\u00ed como de obras de genuina tradici\u00f3n espa\u00f1ola:&nbsp;zarzuela y canci\u00f3n espa\u00f1ola.Cada concierto l\u00edrico supone la interpretaci\u00f3n de una obra de arte original e irrepetible [&hellip;]<\/p>\n","protected":false},"author":1,"featured_media":218,"parent":0,"menu_order":0,"comment_status":"closed","ping_status":"closed","template":"template-fullwidth.php","meta":[],"yoast_head":"<!-- This site is optimized with the Yoast SEO plugin v15.9 - https:\/\/yoast.com\/wordpress\/plugins\/seo\/ -->\n<title>Quienes somos - TriOpera.es<\/title>\n<meta name=\"description\" content=\"TriOpera es un tr\u00edo l\u00edrico ubicado en Madrid, Espa\u00f1a, compuesto por una soprano, un tenor y un pianista que realiza conciertos de \u00f3pera y zarzuela.\" \/>\n<meta name=\"robots\" content=\"index, follow, max-snippet:-1, max-image-preview:large, max-video-preview:-1\" \/>\n<link rel=\"canonical\" href=\"http:\/\/triopera.es\/index.php\/triopera-quienes-somos\/\" \/>\n<meta property=\"og:locale\" content=\"es_ES\" \/>\n<meta property=\"og:type\" content=\"article\" \/>\n<meta property=\"og:title\" content=\"Quienes somos - TriOpera.es\" \/>\n<meta property=\"og:description\" content=\"TriOpera es un tr\u00edo l\u00edrico ubicado en Madrid, Espa\u00f1a, compuesto por una soprano, un tenor y un pianista que realiza conciertos de \u00f3pera y zarzuela.\" \/>\n<meta property=\"og:url\" content=\"http:\/\/triopera.es\/index.php\/triopera-quienes-somos\/\" \/>\n<meta property=\"og:site_name\" content=\"TriOpera.es\" \/>\n<meta property=\"article:modified_time\" content=\"2019-09-16T10:58:51+00:00\" \/>\n<meta property=\"og:image\" content=\"https:\/\/triopera.es\/wp-content\/uploads\/2019\/08\/DSC00748-1-1024x680.jpg\" \/>\n\t<meta property=\"og:image:width\" content=\"1024\" \/>\n\t<meta property=\"og:image:height\" content=\"680\" \/>\n<meta name=\"twitter:card\" content=\"summary_large_image\" \/>\n<meta name=\"twitter:label1\" content=\"Tiempo de lectura\">\n\t<meta name=\"twitter:data1\" content=\"1 minuto\">\n<script type=\"application\/ld+json\" class=\"yoast-schema-graph\">{\"@context\":\"https:\/\/schema.org\",\"@graph\":[{\"@type\":\"Organization\",\"@id\":\"http:\/\/triopera.es\/#organization\",\"name\":\"TriOpera\",\"url\":\"http:\/\/triopera.es\/\",\"sameAs\":[],\"logo\":{\"@type\":\"ImageObject\",\"@id\":\"http:\/\/triopera.es\/#logo\",\"inLanguage\":\"es\",\"url\":\"https:\/\/triopera.es\/wp-content\/uploads\/2019\/08\/logotipo-TriOperaGrande-Garamond.jpg\",\"width\":1435,\"height\":320,\"caption\":\"TriOpera\"},\"image\":{\"@id\":\"http:\/\/triopera.es\/#logo\"}},{\"@type\":\"WebSite\",\"@id\":\"http:\/\/triopera.es\/#website\",\"url\":\"http:\/\/triopera.es\/\",\"name\":\"TriOpera.es\",\"description\":\"Soprano, tenor y pianista\",\"publisher\":{\"@id\":\"http:\/\/triopera.es\/#organization\"},\"potentialAction\":[{\"@type\":\"SearchAction\",\"target\":\"http:\/\/triopera.es\/?s={search_term_string}\",\"query-input\":\"required name=search_term_string\"}],\"inLanguage\":\"es\"},{\"@type\":\"ImageObject\",\"@id\":\"http:\/\/triopera.es\/index.php\/triopera-quienes-somos\/#primaryimage\",\"inLanguage\":\"es\",\"url\":\"https:\/\/triopera.es\/wp-content\/uploads\/2019\/08\/DSC00748-1.jpg\",\"width\":4912,\"height\":3264,\"caption\":\"Despu\\u00e9s de un concierto\"},{\"@type\":\"WebPage\",\"@id\":\"http:\/\/triopera.es\/index.php\/triopera-quienes-somos\/#webpage\",\"url\":\"http:\/\/triopera.es\/index.php\/triopera-quienes-somos\/\",\"name\":\"Quienes somos - TriOpera.es\",\"isPartOf\":{\"@id\":\"http:\/\/triopera.es\/#website\"},\"primaryImageOfPage\":{\"@id\":\"http:\/\/triopera.es\/index.php\/triopera-quienes-somos\/#primaryimage\"},\"datePublished\":\"2019-08-22T16:00:33+00:00\",\"dateModified\":\"2019-09-16T10:58:51+00:00\",\"description\":\"TriOpera es un tr\\u00edo l\\u00edrico ubicado en Madrid, Espa\\u00f1a, compuesto por una soprano, un tenor y un pianista que realiza conciertos de \\u00f3pera y zarzuela.\",\"breadcrumb\":{\"@id\":\"http:\/\/triopera.es\/index.php\/triopera-quienes-somos\/#breadcrumb\"},\"inLanguage\":\"es\",\"potentialAction\":[{\"@type\":\"ReadAction\",\"target\":[\"http:\/\/triopera.es\/index.php\/triopera-quienes-somos\/\"]}]},{\"@type\":\"BreadcrumbList\",\"@id\":\"http:\/\/triopera.es\/index.php\/triopera-quienes-somos\/#breadcrumb\",\"itemListElement\":[{\"@type\":\"ListItem\",\"position\":1,\"item\":{\"@type\":\"WebPage\",\"@id\":\"http:\/\/triopera.es\/\",\"url\":\"http:\/\/triopera.es\/\",\"name\":\"Portada\"}},{\"@type\":\"ListItem\",\"position\":2,\"item\":{\"@type\":\"WebPage\",\"@id\":\"http:\/\/triopera.es\/index.php\/triopera-quienes-somos\/\",\"url\":\"http:\/\/triopera.es\/index.php\/triopera-quienes-somos\/\",\"name\":\"Quienes somos\"}}]}]}<\/script>\n<!-- \/ Yoast SEO plugin. -->","_links":{"self":[{"href":"https:\/\/triopera.es\/index.php\/wp-json\/wp\/v2\/pages\/7"}],"collection":[{"href":"https:\/\/triopera.es\/index.php\/wp-json\/wp\/v2\/pages"}],"about":[{"href":"https:\/\/triopera.es\/index.php\/wp-json\/wp\/v2\/types\/page"}],"author":[{"embeddable":true,"href":"https:\/\/triopera.es\/index.php\/wp-json\/wp\/v2\/users\/1"}],"replies":[{"embeddable":true,"href":"https:\/\/triopera.es\/index.php\/wp-json\/wp\/v2\/comments?post=7"}],"version-history":[{"count":13,"href":"https:\/\/triopera.es\/index.php\/wp-json\/wp\/v2\/pages\/7\/revisions"}],"predecessor-version":[{"id":369,"href":"https:\/\/triopera.es\/index.php\/wp-json\/wp\/v2\/pages\/7\/revisions\/369"}],"wp:featuredmedia":[{"embeddable":true,"href":"https:\/\/triopera.es\/index.php\/wp-json\/wp\/v2\/media\/218"}],"wp:attachment":[{"href":"https:\/\/triopera.es\/index.php\/wp-json\/wp\/v2\/media?parent=7"}],"curies":[{"name":"wp","href":"https:\/\/api.w.org\/{rel}","templated":true}]}}