{"id":427,"date":"2021-06-16T09:14:15","date_gmt":"2021-06-16T09:14:15","guid":{"rendered":"http:\/\/triopera.es\/?page_id=427"},"modified":"2021-06-16T09:14:16","modified_gmt":"2021-06-16T09:14:16","slug":"filmacion-y-montaje-de-video-de-eventos","status":"publish","type":"page","link":"https:\/\/triopera.es\/index.php\/filmacion-y-montaje-de-video-de-eventos\/","title":{"rendered":"Filmaci\u00f3n y montaje de v\u00eddeo de eventos"},"content":{"rendered":"\n<p>Ofrecemos la posibilidad de contratar tambi\u00e9n los servicios de filmaci\u00f3n, grabaci\u00f3n de sonido y montaje posterior y postproducci\u00f3n de los eventos que desee. Habitualmente ofrecemos la posibilidad de filmar con dos c\u00e1maras con sendos operadores sobre tr\u00edpode est\u00e1tico en formato de sensor APSC y formato 1080p a 50fps y cuatro micr\u00f3fonos desde dos puntos de grabaci\u00f3n. Posteriormente, las tomas filmadas y los audios grabados son mezclados, utilizando un software de video y audio de calidad profesional.<\/p>\n\n\n\n<p>Los v\u00eddeos producidos se pueden entregar en formato full HD 1080p y contenedor MP4 y, si se precisa subidos a alg\u00fan servicio de visualizaci\u00f3n de v\u00eddeo como Youtube. Adicionalmente, podemos confeccionar la grabaci\u00f3n en DVD, con sus correspondientes cap\u00edtulos, serigrafiados con impresora inkjet.<\/p>\n","protected":false},"excerpt":{"rendered":"<p>Ofrecemos la posibilidad de contratar tambi\u00e9n los servicios de filmaci\u00f3n, grabaci\u00f3n de sonido y montaje posterior y postproducci\u00f3n de los eventos que desee. Habitualmente ofrecemos la posibilidad de filmar con dos c\u00e1maras con sendos operadores sobre tr\u00edpode est\u00e1tico en formato de sensor APSC y formato 1080p a 50fps y cuatro micr\u00f3fonos desde dos puntos de grabaci\u00f3n. Posteriormente, las tomas filmadas y los audios grabados son mezclados, utilizando un software de video y audio de calidad profesional. Los v\u00eddeos producidos se pueden entregar en formato full HD 1080p y contenedor MP4 y, si se precisa subidos a alg\u00fan servicio de visualizaci\u00f3n [&hellip;]<\/p>\n","protected":false},"author":1,"featured_media":0,"parent":0,"menu_order":0,"comment_status":"closed","ping_status":"closed","template":"","meta":[],"yoast_head":"<!-- This site is optimized with the Yoast SEO plugin v15.9 - https:\/\/yoast.com\/wordpress\/plugins\/seo\/ -->\n<title>Filmaci\u00f3n y montaje de v\u00eddeo de eventos - TriOpera.es<\/title>\n<meta name=\"description\" content=\"TriOpera es un conjunto l\u00edrico formado por una soprano, un tenor y un pianista radicado en Madrid, Espa\u00f1a. TriOpera interpreta romanzas de zarzuela y arias de \u00f3pera as\u00ed como repertorio religioso y de c\u00e1mara.\" \/>\n<meta name=\"robots\" content=\"index, follow, max-snippet:-1, max-image-preview:large, max-video-preview:-1\" \/>\n<link rel=\"canonical\" href=\"https:\/\/triopera.es\/index.php\/filmacion-y-montaje-de-video-de-eventos\/\" \/>\n<meta property=\"og:locale\" content=\"es_ES\" \/>\n<meta property=\"og:type\" content=\"article\" \/>\n<meta property=\"og:title\" content=\"Filmaci\u00f3n y montaje de v\u00eddeo de eventos - TriOpera.es\" \/>\n<meta property=\"og:description\" content=\"TriOpera es un conjunto l\u00edrico formado por una soprano, un tenor y un pianista radicado en Madrid, Espa\u00f1a. TriOpera interpreta romanzas de zarzuela y arias de \u00f3pera as\u00ed como repertorio religioso y de c\u00e1mara.\" \/>\n<meta property=\"og:url\" content=\"https:\/\/triopera.es\/index.php\/filmacion-y-montaje-de-video-de-eventos\/\" \/>\n<meta property=\"og:site_name\" content=\"TriOpera.es\" \/>\n<meta property=\"article:modified_time\" content=\"2021-06-16T09:14:16+00:00\" \/>\n<meta name=\"twitter:card\" content=\"summary_large_image\" \/>\n<meta name=\"twitter:label1\" content=\"Tiempo de lectura\">\n\t<meta name=\"twitter:data1\" content=\"1 minuto\">\n<script type=\"application\/ld+json\" class=\"yoast-schema-graph\">{\"@context\":\"https:\/\/schema.org\",\"@graph\":[{\"@type\":\"Organization\",\"@id\":\"http:\/\/triopera.es\/#organization\",\"name\":\"TriOpera\",\"url\":\"http:\/\/triopera.es\/\",\"sameAs\":[],\"logo\":{\"@type\":\"ImageObject\",\"@id\":\"http:\/\/triopera.es\/#logo\",\"inLanguage\":\"es\",\"url\":\"https:\/\/triopera.es\/wp-content\/uploads\/2019\/08\/logotipo-TriOperaGrande-Garamond.jpg\",\"width\":1435,\"height\":320,\"caption\":\"TriOpera\"},\"image\":{\"@id\":\"http:\/\/triopera.es\/#logo\"}},{\"@type\":\"WebSite\",\"@id\":\"http:\/\/triopera.es\/#website\",\"url\":\"http:\/\/triopera.es\/\",\"name\":\"TriOpera.es\",\"description\":\"Soprano, tenor y pianista\",\"publisher\":{\"@id\":\"http:\/\/triopera.es\/#organization\"},\"potentialAction\":[{\"@type\":\"SearchAction\",\"target\":\"http:\/\/triopera.es\/?s={search_term_string}\",\"query-input\":\"required name=search_term_string\"}],\"inLanguage\":\"es\"},{\"@type\":\"WebPage\",\"@id\":\"https:\/\/triopera.es\/index.php\/filmacion-y-montaje-de-video-de-eventos\/#webpage\",\"url\":\"https:\/\/triopera.es\/index.php\/filmacion-y-montaje-de-video-de-eventos\/\",\"name\":\"Filmaci\\u00f3n y montaje de v\\u00eddeo de eventos - TriOpera.es\",\"isPartOf\":{\"@id\":\"http:\/\/triopera.es\/#website\"},\"datePublished\":\"2021-06-16T09:14:15+00:00\",\"dateModified\":\"2021-06-16T09:14:16+00:00\",\"description\":\"TriOpera es un conjunto l\\u00edrico formado por una soprano, un tenor y un pianista radicado en Madrid, Espa\\u00f1a. TriOpera interpreta romanzas de zarzuela y arias de \\u00f3pera as\\u00ed como repertorio religioso y de c\\u00e1mara.\",\"breadcrumb\":{\"@id\":\"https:\/\/triopera.es\/index.php\/filmacion-y-montaje-de-video-de-eventos\/#breadcrumb\"},\"inLanguage\":\"es\",\"potentialAction\":[{\"@type\":\"ReadAction\",\"target\":[\"https:\/\/triopera.es\/index.php\/filmacion-y-montaje-de-video-de-eventos\/\"]}]},{\"@type\":\"BreadcrumbList\",\"@id\":\"https:\/\/triopera.es\/index.php\/filmacion-y-montaje-de-video-de-eventos\/#breadcrumb\",\"itemListElement\":[{\"@type\":\"ListItem\",\"position\":1,\"item\":{\"@type\":\"WebPage\",\"@id\":\"http:\/\/triopera.es\/\",\"url\":\"http:\/\/triopera.es\/\",\"name\":\"Portada\"}},{\"@type\":\"ListItem\",\"position\":2,\"item\":{\"@type\":\"WebPage\",\"@id\":\"https:\/\/triopera.es\/index.php\/filmacion-y-montaje-de-video-de-eventos\/\",\"url\":\"https:\/\/triopera.es\/index.php\/filmacion-y-montaje-de-video-de-eventos\/\",\"name\":\"Filmaci\\u00f3n y montaje de v\\u00eddeo de eventos\"}}]}]}<\/script>\n<!-- \/ Yoast SEO plugin. -->","_links":{"self":[{"href":"https:\/\/triopera.es\/index.php\/wp-json\/wp\/v2\/pages\/427"}],"collection":[{"href":"https:\/\/triopera.es\/index.php\/wp-json\/wp\/v2\/pages"}],"about":[{"href":"https:\/\/triopera.es\/index.php\/wp-json\/wp\/v2\/types\/page"}],"author":[{"embeddable":true,"href":"https:\/\/triopera.es\/index.php\/wp-json\/wp\/v2\/users\/1"}],"replies":[{"embeddable":true,"href":"https:\/\/triopera.es\/index.php\/wp-json\/wp\/v2\/comments?post=427"}],"version-history":[{"count":1,"href":"https:\/\/triopera.es\/index.php\/wp-json\/wp\/v2\/pages\/427\/revisions"}],"predecessor-version":[{"id":429,"href":"https:\/\/triopera.es\/index.php\/wp-json\/wp\/v2\/pages\/427\/revisions\/429"}],"wp:attachment":[{"href":"https:\/\/triopera.es\/index.php\/wp-json\/wp\/v2\/media?parent=427"}],"curies":[{"name":"wp","href":"https:\/\/api.w.org\/{rel}","templated":true}]}}