{"id":28,"date":"2019-08-22T17:37:39","date_gmt":"2019-08-22T17:37:39","guid":{"rendered":"http:\/\/triopera.es\/?page_id=28"},"modified":"2019-08-30T08:13:27","modified_gmt":"2019-08-30T08:13:27","slug":"preguntas-frecuentes-soprano-tenor-pianista","status":"publish","type":"page","link":"https:\/\/triopera.es\/index.php\/preguntas-frecuentes-soprano-tenor-pianista\/","title":{"rendered":"Preguntas frecuentes"},"content":{"rendered":"\n<ol><li><strong>\u00bfQu\u00e9 infraestructura preciso si deseo ofrecer a mis invitados una gala l\u00edrica? <\/strong>  B\u00e1sicamente precisamos un espacio propicio para la m\u00fasica de c\u00e1mara, y  un piano afinado y en excelentes condiciones, preferiblemente de  conciertos. Si no  dispone de piano existen empresas especializadas en alquiler de  pianos que nosotros podr\u00edamos gestionar si es conveniente. <\/li><li> <strong>\u00bfQu\u00e9 caracter\u00edsticas deber\u00eda tener el escenario de la actuaci\u00f3n? \u00bfPodr\u00edan interpretar en un evento al aire libre? <\/strong>  Idealmente deber\u00eda ser un local climatizado adecuadamente, con buena  ac\u00fastica y espacio suficiente para albergar un piano. Ser\u00eda \u00fatil  disponer de un camerino o en su defecto alg\u00fan espacio reservado donde  poder cambiarnos de vestuario y vocalizar para calentar la voz. Por otro  lado, podr\u00eda interpretarse al aire libre teniendo en cuenta aspectos  tales como las restricciones climatol\u00f3gicas y dado que interpretamos sin  amplificaci\u00f3n, al aire libre el nivel sonoro audible se ve limitado a  un entorno m\u00e1s reducido que el que se podr\u00eda lograr en un espacio  cerrado. Esta circunstancia podr\u00eda solventarse con un equipo de  amplificaci\u00f3n adecuado. <\/li><li> <strong>Me caso pr\u00f3ximamente y desear\u00eda contratarles para la ceremonia. \u00bfPodr\u00eda contar con sus servicios?<\/strong>  Contamos  con una ampl\u00edsima experiencia interpretando m\u00fasica l\u00edrica en directo en  ceremonias nupciales, tanto religiosas como civiles.  No dude en ponerse en <a href=\"http:\/\/triopera.es\/index.php\/contacto\/\">contacto<\/a>  con nosotros, estaremos encantados de ayudarles a elegir esas piezas  musicales que envuelvan la ceremonia en una atm\u00f3sfera inolvidable, todo  ello teniendo en cuenta distintos factores como el tipo de ceremonia, el  lugar de celebraci\u00f3n, el momento en el que sonar\u00e1n, los gustos y  preferencias de los novios y asistentes al evento.<\/li><li> <strong>Me gustar\u00eda mucho contar con sus servicios, pero me temo que el coste va a ser excesivo para mi presupuesto.<\/strong>  Seguro que menos de lo que cuestan otros servicios orquestales o de  m\u00fasica pop y creemos que la imagen que se otorga al evento supera, en  mucho, el coste del servicio .<\/li><li> <strong>Me  gustar\u00eda contratar sus servicios, pero el evento que estoy planeando se  sit\u00faa lejos de Madrid \u00bfEstar\u00edan dispuestos a viajar? \u00bfEn qu\u00e9  condiciones?<\/strong>  Podr\u00edamos viajar si el evento lo exige, tendr\u00edamos que estudiarlo.  Normalmente el cliente se har\u00eda cargo de los gastos de desplazamiento. <\/li><li> <strong>No  he visto en su repertorio mi pieza musical favorita \u00bfpodr\u00edan  interpretar obras distintas de las que se encuentran en su p\u00e1gina web<\/strong>?  Podemos interpretar cualquier pieza musical aunque no est\u00e9 en el  repertorio que aparece en la web, siempre que contemos con las  partituras necesarias y las piezas sean adecuadas a nuestra tesitura de  voz. En todo caso cons\u00faltenos a trav\u00e9s del <a href=\"http:\/\/triopera.es\/index.php\/contacto\/\">formulario de contacto<\/a> sin ning\u00fan compromiso.<\/li><li> <strong>La pieza musical que me gustar\u00eda que interpretaran precisa de bar\u00edtono y soprano \u00bfPodr\u00edan lograr esta configuraci\u00f3n en mi caso<\/strong>? Si bien nuestra configuraci\u00f3n, en principio, se ajusta a un tr\u00edo en el  que hay un tenor, una soprano y un acompa\u00f1amiento de piano podr\u00edamos  buscar una configuraci\u00f3n distinta en caso de necesidad, ya que estamos  en contacto con un entorno acad\u00e9mico y profesional donde no nos ser\u00eda  complicado contratar otras voces o instrumentos. Sin embargo,  probablemente exigir\u00eda un mayor tiempo de preparaci\u00f3n debido a la  necesidad de realizar un mayor n\u00famero de ensayos previos. Si deseas una  configuraci\u00f3n diferente lo puedes consultar en nuestro  <a href=\"http:\/\/triopera.es\/index.php\/contacto\/\">formulario de contact<\/a><a href=\"https:\/\/sites.google.com\/site\/trioperaes\/contacto\">o<\/a>.<\/li><li><strong>Somos  una entidad sin \u00e1nimo de lucro y estamos intentando organizar un  concierto ben\u00e9fico. \u00bfEstar\u00edan dispuestos a participar de forma  altruista?<\/strong>  S\u00ed, en diversas ocasiones hemos colaborado con organizaciones ben\u00e9ficas  de forma desinteresada, siempre que comparti\u00e9ramos los fines generales  de la entidad y espec\u00edficos del evento. Puede consultarnos su propuesta a  trav\u00e9s de nuestro <a href=\"http:\/\/triopera.es\/index.php\/contacto\/\">formulario de contacto a<\/a> fin de estudiarla y valorarla. <\/li><\/ol>\n\n\n\n<p><\/p>\n","protected":false},"excerpt":{"rendered":"<p>\u00bfQu\u00e9 infraestructura preciso si deseo ofrecer a mis invitados una gala l\u00edrica? B\u00e1sicamente precisamos un espacio propicio para la m\u00fasica de c\u00e1mara, y un piano afinado y en excelentes condiciones, preferiblemente de conciertos. Si no dispone de piano existen empresas especializadas en alquiler de pianos que nosotros podr\u00edamos gestionar si es conveniente. \u00bfQu\u00e9 caracter\u00edsticas deber\u00eda tener el escenario de la actuaci\u00f3n? \u00bfPodr\u00edan interpretar en un evento al aire libre? Idealmente deber\u00eda ser un local climatizado adecuadamente, con buena ac\u00fastica y espacio suficiente para albergar un piano. Ser\u00eda \u00fatil disponer de un camerino o en su defecto alg\u00fan espacio reservado donde [&hellip;]<\/p>\n","protected":false},"author":1,"featured_media":187,"parent":0,"menu_order":0,"comment_status":"closed","ping_status":"closed","template":"","meta":[],"yoast_head":"<!-- This site is optimized with the Yoast SEO plugin v15.9 - https:\/\/yoast.com\/wordpress\/plugins\/seo\/ -->\n<title>Preguntas frecuentes - TriOpera.es soprano tenor pianista<\/title>\n<meta name=\"description\" content=\"Preguntas frecuentes de TriOpera, trio l\u00edrico formado por una soprano, un tenor y un pianista para conciertos l\u00edricos en Madrid\" \/>\n<meta name=\"robots\" content=\"index, follow, max-snippet:-1, max-image-preview:large, max-video-preview:-1\" \/>\n<link rel=\"canonical\" href=\"http:\/\/triopera.es\/index.php\/preguntas-frecuentes-soprano-tenor-pianista\/\" \/>\n<meta property=\"og:locale\" content=\"es_ES\" \/>\n<meta property=\"og:type\" content=\"article\" \/>\n<meta property=\"og:title\" content=\"Preguntas frecuentes - TriOpera.es soprano tenor pianista\" \/>\n<meta property=\"og:description\" content=\"Preguntas frecuentes de TriOpera, trio l\u00edrico formado por una soprano, un tenor y un pianista para conciertos l\u00edricos en Madrid\" \/>\n<meta property=\"og:url\" content=\"http:\/\/triopera.es\/index.php\/preguntas-frecuentes-soprano-tenor-pianista\/\" \/>\n<meta property=\"og:site_name\" content=\"TriOpera.es\" \/>\n<meta property=\"article:modified_time\" content=\"2019-08-30T08:13:27+00:00\" \/>\n<meta property=\"og:image\" content=\"https:\/\/triopera.es\/wp-content\/uploads\/2019\/08\/Foto-triopera.jpg\" \/>\n\t<meta property=\"og:image:width\" content=\"1600\" \/>\n\t<meta property=\"og:image:height\" content=\"1267\" \/>\n<meta name=\"twitter:card\" content=\"summary_large_image\" \/>\n<meta name=\"twitter:label1\" content=\"Tiempo de lectura\">\n\t<meta name=\"twitter:data1\" content=\"3 minutos\">\n<script type=\"application\/ld+json\" class=\"yoast-schema-graph\">{\"@context\":\"https:\/\/schema.org\",\"@graph\":[{\"@type\":\"Organization\",\"@id\":\"https:\/\/triopera.es\/#organization\",\"name\":\"TriOpera\",\"url\":\"https:\/\/triopera.es\/\",\"sameAs\":[],\"logo\":{\"@type\":\"ImageObject\",\"@id\":\"https:\/\/triopera.es\/#logo\",\"inLanguage\":\"es\",\"url\":\"https:\/\/triopera.es\/wp-content\/uploads\/2019\/08\/logotipo-TriOperaGrande-Garamond.jpg\",\"width\":1435,\"height\":320,\"caption\":\"TriOpera\"},\"image\":{\"@id\":\"https:\/\/triopera.es\/#logo\"}},{\"@type\":\"WebSite\",\"@id\":\"https:\/\/triopera.es\/#website\",\"url\":\"https:\/\/triopera.es\/\",\"name\":\"TriOpera.es\",\"description\":\"Soprano, tenor y pianista\",\"publisher\":{\"@id\":\"https:\/\/triopera.es\/#organization\"},\"potentialAction\":[{\"@type\":\"SearchAction\",\"target\":\"https:\/\/triopera.es\/?s={search_term_string}\",\"query-input\":\"required name=search_term_string\"}],\"inLanguage\":\"es\"},{\"@type\":\"ImageObject\",\"@id\":\"http:\/\/triopera.es\/index.php\/preguntas-frecuentes-soprano-tenor-pianista\/#primaryimage\",\"inLanguage\":\"es\",\"url\":\"https:\/\/triopera.es\/wp-content\/uploads\/2019\/08\/Foto-triopera.jpg\",\"width\":1600,\"height\":1267,\"caption\":\"TriOpera\"},{\"@type\":\"WebPage\",\"@id\":\"http:\/\/triopera.es\/index.php\/preguntas-frecuentes-soprano-tenor-pianista\/#webpage\",\"url\":\"http:\/\/triopera.es\/index.php\/preguntas-frecuentes-soprano-tenor-pianista\/\",\"name\":\"Preguntas frecuentes - TriOpera.es soprano tenor pianista\",\"isPartOf\":{\"@id\":\"https:\/\/triopera.es\/#website\"},\"primaryImageOfPage\":{\"@id\":\"http:\/\/triopera.es\/index.php\/preguntas-frecuentes-soprano-tenor-pianista\/#primaryimage\"},\"datePublished\":\"2019-08-22T17:37:39+00:00\",\"dateModified\":\"2019-08-30T08:13:27+00:00\",\"description\":\"Preguntas frecuentes de TriOpera, trio l\\u00edrico formado por una soprano, un tenor y un pianista para conciertos l\\u00edricos en Madrid\",\"breadcrumb\":{\"@id\":\"http:\/\/triopera.es\/index.php\/preguntas-frecuentes-soprano-tenor-pianista\/#breadcrumb\"},\"inLanguage\":\"es\",\"potentialAction\":[{\"@type\":\"ReadAction\",\"target\":[\"http:\/\/triopera.es\/index.php\/preguntas-frecuentes-soprano-tenor-pianista\/\"]}]},{\"@type\":\"BreadcrumbList\",\"@id\":\"http:\/\/triopera.es\/index.php\/preguntas-frecuentes-soprano-tenor-pianista\/#breadcrumb\",\"itemListElement\":[{\"@type\":\"ListItem\",\"position\":1,\"item\":{\"@type\":\"WebPage\",\"@id\":\"https:\/\/triopera.es\/\",\"url\":\"https:\/\/triopera.es\/\",\"name\":\"Portada\"}},{\"@type\":\"ListItem\",\"position\":2,\"item\":{\"@type\":\"WebPage\",\"@id\":\"http:\/\/triopera.es\/index.php\/preguntas-frecuentes-soprano-tenor-pianista\/\",\"url\":\"http:\/\/triopera.es\/index.php\/preguntas-frecuentes-soprano-tenor-pianista\/\",\"name\":\"Preguntas frecuentes\"}}]}]}<\/script>\n<!-- \/ Yoast SEO plugin. -->","_links":{"self":[{"href":"https:\/\/triopera.es\/index.php\/wp-json\/wp\/v2\/pages\/28"}],"collection":[{"href":"https:\/\/triopera.es\/index.php\/wp-json\/wp\/v2\/pages"}],"about":[{"href":"https:\/\/triopera.es\/index.php\/wp-json\/wp\/v2\/types\/page"}],"author":[{"embeddable":true,"href":"https:\/\/triopera.es\/index.php\/wp-json\/wp\/v2\/users\/1"}],"replies":[{"embeddable":true,"href":"https:\/\/triopera.es\/index.php\/wp-json\/wp\/v2\/comments?post=28"}],"version-history":[{"count":4,"href":"https:\/\/triopera.es\/index.php\/wp-json\/wp\/v2\/pages\/28\/revisions"}],"predecessor-version":[{"id":328,"href":"https:\/\/triopera.es\/index.php\/wp-json\/wp\/v2\/pages\/28\/revisions\/328"}],"wp:featuredmedia":[{"embeddable":true,"href":"https:\/\/triopera.es\/index.php\/wp-json\/wp\/v2\/media\/187"}],"wp:attachment":[{"href":"https:\/\/triopera.es\/index.php\/wp-json\/wp\/v2\/media?parent=28"}],"curies":[{"name":"wp","href":"https:\/\/api.w.org\/{rel}","templated":true}]}}