{"id":262,"date":"2019-08-29T16:35:00","date_gmt":"2019-08-29T16:35:00","guid":{"rendered":"http:\/\/triopera.es\/?page_id=262"},"modified":"2021-03-03T15:52:22","modified_gmt":"2021-03-03T15:52:22","slug":"repertorio-de-opera","status":"publish","type":"page","link":"https:\/\/triopera.es\/index.php\/nuestro-repertorio\/repertorio-de-opera\/","title":{"rendered":"Repertorio de \u00f3pera"},"content":{"rendered":"\n<p><strong>D\u00faos de Opera para Soprano y Tenor<\/strong><br><br><\/p>\n\n\n\n<figure class=\"wp-block-table\"><table><tbody><tr><td>&nbsp;<\/td><td><em><strong>Aria<\/strong><\/em><\/td><td><br><em><strong>Opera  <\/strong><\/em><\/td><td><br><em><strong>Autor<\/strong><\/em><\/td><\/tr><tr><td>&nbsp;<\/td><td>Parle moi de ma m\u00e8re<\/td><td><em>Carmen<\/em><\/td><td>Bizet<\/td><\/tr><tr><td>&nbsp;<\/td><td>Tornami a dir che m&#8217;ami<\/td><td><em>Don Pasquale<\/em><\/td><td>Donizetti <\/td><\/tr><tr><td>&nbsp;<\/td><td>Caro elisir!&#8230;<\/td><td><em>El elixir de amor<\/em><\/td><td>Donizetti <\/td><\/tr><tr><td>&nbsp;<\/td><td>Ah! Verrano a te sull&#8217;aure<\/td><td><em>Lucia di Lammermoor<\/em><\/td><td>Donizetti <\/td><\/tr><tr><td>&nbsp;<\/td><td>Ange adorable<\/td><td><em>Romeo y Julieta<\/em><\/td><td>Gounod<\/td><\/tr><tr><td>&nbsp;<\/td><td>Tace il Labbro<\/td><td><em>La Viuda Alegre<\/em><\/td><td>Lehar<\/td><\/tr><tr><td><\/td><td>La ci darem la mano<\/td><td><em>Don Giovanni<\/em><\/td><td>Mozart<\/td><\/tr><tr><td>&nbsp;<\/td><td>Cinque, dieci\u2026<\/td><td><em>Las Bodas de Figaro<\/em><\/td><td>Mozart<\/td><\/tr><tr><td><\/td><td>Lascia Ch\u00b4io pianga<\/td><td><em>Rinaldo<\/em><\/td><td>Haendel<\/td><\/tr><tr><td><\/td><td>Pensando a me<\/td><td><em>Las Visperas Sicilianas<\/em><\/td><td>Verdi<\/td><\/tr><tr><td><\/td><td>E Il sol del anima<\/td><td><em>Rigoletto<\/em><\/td><td>Verdi<\/td><\/tr><tr><td>&nbsp;<\/td><td>Brindis<\/td><td><em>La Traviata<\/em><\/td><td>Verdi<\/td><\/tr><tr><td>&nbsp;<\/td><td>Un di Felice<\/td><td><em>La Traviata<\/em><\/td><td>Verdi <\/td><\/tr><tr><td>&nbsp;<\/td><td>Parigi o cara<\/td><td><em>La Traviata<\/em><\/td><td>Verdi<\/td><\/tr><\/tbody><\/table><\/figure>\n\n\n\n<p><strong><br>\nArias de Opera para Soprano<\/strong><br><br><\/p>\n\n\n\n<figure class=\"wp-block-table\"><table><tbody><tr><td>&nbsp;<\/td><td><em><strong>Aria<\/strong><\/em><\/td><td><em><strong>Opera<\/strong><\/em><\/td><td><em><strong>Autor <\/strong><\/em><\/td><\/tr><tr><td>&nbsp;<\/td><td>Qui la voce<\/td><td><em>I Puritani<\/em><\/td><td>Bellini<\/td><\/tr><tr><td>&nbsp;<\/td><td>Casta Diva<\/td><td><em>Norma<\/em><\/td><td>Bellini<\/td><\/tr><tr><td>&nbsp;<\/td><td>L&#8217;amour est un oiseau rebelle<\/td><td><em>Carmen<\/em><\/td><td>Bizet<\/td><\/tr><tr><td>&nbsp;<\/td><td>Je dis, que rien ne m&#8217;\u00e9pouvante<\/td><td><em>Carmen<\/em><\/td><td>Bizet<\/td><\/tr><tr><td>&nbsp;<\/td><td>Ebben, nandr\u00f3 lontana<\/td><td><em>La Wally<\/em><\/td><td>Catalani<\/td><\/tr><tr><td>&nbsp;<\/td><td>Ecco, respiro appena<\/td><td><em>Adriana Lecouvreur<\/em><\/td><td>Cilea <\/td><\/tr><tr><td>&nbsp;<\/td><td>Regnava nel silenzio<\/td><td><em>Lucia di Lammermoor <\/em><\/td><td>Donizetti <\/td><\/tr><tr><td>&nbsp;<\/td><td>Canci\u00f3n a la luna<\/td><td><em>Rusalka<\/em><\/td><td>Donizetti<\/td><\/tr><tr><td>&nbsp;<\/td><td>Summertime<\/td><td><em>Porgy and Bess<\/em><\/td><td>Gershwin<\/td><\/tr><tr><td>&nbsp;<\/td><td>When Maiden loves<\/td><td><em>The Yeomen of the guard<\/em><\/td><td>Gilbert&amp;Sullivan<\/td><\/tr><tr><td>&nbsp;<\/td><td>La Mamma Morta<\/td><td><em>Andrea Chenier <\/em><\/td><td>Giordano<\/td><\/tr><tr><td>&nbsp;<\/td><td>Gli sguardi trattieni<\/td><td><em>Orfeo y Euridice<\/em><\/td><td>Gluck<\/td><\/tr><tr><td>&nbsp;<\/td><td>Aria de las Joyas<\/td><td><em>Fausto<\/em><\/td><td>Gounod<\/td><\/tr><tr><td>&nbsp;<\/td><td>Ah! Je veux vivre<\/td><td><em>Romeo y Julieta<\/em><\/td><td>Gounod<\/td><\/tr><tr><td>&nbsp;<\/td><td>Piangero la sorte mia<\/td><td><em>Giulio Cesare<\/em><\/td><td>Haendel<\/td><\/tr><tr><td>&nbsp;<\/td><td>V&#8217;adoro pupille<\/td><td><em>Giulio Cesare<\/em><\/td><td>Haendel<\/td><\/tr><tr><td>&nbsp;<\/td><td>Adieu, notre petite table<\/td><td><em>Manon<\/em><\/td><td>Massenet<\/td><\/tr><tr><td>&nbsp;<\/td><td>Monic&#8217;as waltz<\/td><td><em>The Medium<\/em><\/td><td>Menotti<\/td><\/tr><tr><td>&nbsp;<\/td><td>Ahi troppo e duro<\/td><td><em>Il Ballo delle Ingrate<\/em><\/td><td>Monteverdi<\/td><\/tr><tr><td>&nbsp;<\/td><td>Mi tradi quell&#8217;alma ingrata<\/td><td><em>Don Giovanni<\/em><\/td><td>Mozart<\/td><\/tr><tr><td><\/td><td>Voi che Sapete<\/td><td><em>Las Bodas de Figaro<\/em><\/td><td>Mozart<\/td><\/tr><tr><td>&nbsp;<\/td><td>Porgi Amor<\/td><td><em>Las Bodas de Figaro<\/em><\/td><td>Mozart<\/td><\/tr><tr><td>&nbsp;<\/td><td>Non so piu consa son<\/td><td><em>Las Bodas de Figaro<\/em><\/td><td>Mozart<\/td><\/tr><tr><td>&nbsp;<\/td><td>Dove sono i bei momenti<\/td><td><em>Las Bodas de Figaro<\/em><\/td><td>Mozart<\/td><\/tr><tr><td>&nbsp;<\/td><td>Un bel di vedremo<\/td><td><em>Madama Butterfly<\/em><\/td><td>Puccini<\/td><\/tr><tr><td><br>\n<\/td><td>O mio babbino caro<\/td><td><em>Gianni Schicchi<\/em><\/td><td>Puccini<\/td><\/tr><tr><td>&nbsp;<\/td><td>Mi chiamano Mimi<\/td><td><em>La Boheme<\/em><\/td><td>Puccini<\/td><\/tr><tr><td>&nbsp;<\/td><td>Donde Lieta<\/td><td><em>La Boheme<\/em><\/td><td>Puccini<\/td><\/tr><tr><td>&nbsp;<\/td><td>Canzone di Doretta<\/td><td><em>La Rondine<\/em><\/td><td>Puccini  <\/td><\/tr><tr><td>&nbsp;<\/td><td>In quelle trine Morbide<\/td><td><em>Manon Lescaut<\/em><\/td><td>Puccini  <\/td><\/tr><tr><td>&nbsp;<\/td><td>Vissi d&#8217;arte<\/td><td><em>Tosca<\/em><\/td><td>Puccini  <\/td><\/tr><tr><td>&nbsp;<\/td><td>Tu che di gel sei cinta<\/td><td><em>Turandot<\/em><\/td><td>Puccini  <\/td><\/tr><tr><td><a href=\"https:\/\/sites.google.com\/site\/trioperaes\/gallery\/archivador-de-audio\"><\/a><\/td><td>Tacea la notte placida<\/td><td><em>Il Trovatore<\/em><\/td><td>Verdi<\/td><\/tr><tr><td>&nbsp;<\/td><td>Di tale amor<\/td><td><em>Il Trovatore<\/em><\/td><td>Verdi<\/td><\/tr><tr><td>&nbsp;<\/td><td>Pace mio Dio<\/td><td><em>La Forza del Destino<\/em><\/td><td>Verdi<\/td><\/tr><tr><td><a href=\"https:\/\/sites.google.com\/site\/trioperaes\/gallery\/archivador-de-audio\"><\/a><\/td><td>Addio del Passato<\/td><td><em>La Traviata  <\/em><\/td><td>Verdi<\/td><\/tr><\/tbody><\/table><\/figure>\n\n\n\n<p><strong>Arias de Opera para Tenor<\/strong><br><br><\/p>\n\n\n\n<figure class=\"wp-block-table\"><table><tbody><tr><td>&nbsp;<\/td><td><em><strong>&nbsp;Aria<\/strong><\/em><\/td><td><em><strong>Opera <br>\n<\/strong><\/em><\/td><td><em><strong>Autor <br>\n<\/strong><\/em><\/td><\/tr><tr><td>&nbsp;<\/td><td>La Fleur que tu m\u00b4avais jetee<\/td><td><em>Carmen<\/em><\/td><td>Bizet<\/td><\/tr><tr><td>&nbsp;<\/td><td>E la storia del pastore<\/td><td><em>L&#8217;arlesiana<\/em><\/td><td>Cilea <\/td><\/tr><tr><td>&nbsp;<\/td><td>Quanto e Bella<\/td><td><em>El elixir de amor<\/em><\/td><td>Donizetti <\/td><\/tr><tr><td>&nbsp;<\/td><td>Una furtiva lagrima<\/td><td><em>El elixir de amor<\/em><\/td><td>Donizetti<\/td><\/tr><tr><td>&nbsp;<\/td><td>Amor ti vieta<\/td><td><em>Fedora<\/em><\/td><td>Giordano<\/td><\/tr><tr><td>&nbsp;<\/td><td>Che faro senza Euridice<\/td><td>O<em>rfeo y Euridice<\/em><\/td><td>Gluck<\/td><\/tr><tr><td>&nbsp;<\/td><td>Ombra mai fu<\/td><td>X<em>erxe<\/em><\/td><td>Haendelt<\/td><\/tr><tr><td>&nbsp;<\/td><td>&nbsp;Pourquoi me reveiller<\/td><td>W<em>erter<\/em><\/td><td>Massenet<\/td><\/tr><tr><td>&nbsp;<\/td><td>Dala sua pace<\/td><td><em>Don Giovanni<\/em><\/td><td>Mozart<\/td><\/tr><tr><td>&nbsp;<\/td><td>Un aura amorosa<\/td><td><em>Cos\u00f3 fan tutte<\/em><\/td><td>Mozart<\/td><\/tr><tr><td>&nbsp;<\/td><td>Cielo e mar<\/td><td><em>La Gioconda<\/em><\/td><td>Ponchielli<\/td><\/tr><tr><td>\n<\/td><td>Ch&#8217;ella mi creda<\/td><td><em>La Fanciulla del West<\/em><\/td><td>Puccini<\/td><\/tr><tr><td>&nbsp;<\/td><td>Che gelida manina<\/td><td><em>La Boheme<\/em><\/td><td>Puccini<\/td><\/tr><tr><td>&nbsp;<\/td><td>Recondita Armonia<\/td><td><em>Tosca<\/em><\/td><td>Puccini<\/td><\/tr><tr><td>&nbsp;<\/td><td>Nessun dorma<\/td><td><em>Turandot<\/em><\/td><td>Puccini<\/td><\/tr><tr><td><\/td><td>E lucevan le stelle<\/td><td><em>Tosca<\/em><\/td><td>Puccini<\/td><\/tr><tr><td><\/td><td>La Donna e mobile<\/td><td><em>Rigoletto<\/em><\/td><td>Verdi<\/td><\/tr><tr><td><\/td><td>Questa o quella<\/td><td><em>Rigoletto<\/em><\/td><td>Verdi<\/td><\/tr><tr><td><\/td><td>Ah la paterna mano<\/td><td>M<em>acbeth<\/em><\/td><td>Verdi<\/td><\/tr><tr><td><\/td><td>Parmi veder le lagrime<\/td><td><em>Rigoletto<\/em><\/td><td>Verdi<\/td><\/tr><tr><td>&nbsp;<\/td><td>Se quel guerrier io fossi<\/td><td><em>Aida<\/em><\/td><td>Verdi<\/td><\/tr><tr><td><\/td><td>Luge da lei<\/td><td><em>La Traviata<\/em><\/td><td>Verdi <\/td><\/tr><\/tbody><\/table><\/figure>\n","protected":false},"excerpt":{"rendered":"<p>D\u00faos de Opera para Soprano y Tenor &nbsp; Aria Opera Autor &nbsp; Parle moi de ma m\u00e8re Carmen Bizet &nbsp; Tornami a dir che m&#8217;ami Don Pasquale Donizetti &nbsp; Caro elisir!&#8230; El elixir de amor Donizetti &nbsp; Ah! Verrano a te sull&#8217;aure Lucia di Lammermoor Donizetti &nbsp; Ange adorable Romeo y Julieta Gounod &nbsp; Tace il Labbro La Viuda Alegre Lehar La ci darem la mano Don Giovanni Mozart &nbsp; Cinque, dieci\u2026 Las Bodas de Figaro Mozart Lascia Ch\u00b4io pianga Rinaldo Haendel Pensando a me Las Visperas Sicilianas Verdi E Il sol del anima Rigoletto Verdi &nbsp; Brindis La Traviata [&hellip;]<\/p>\n","protected":false},"author":1,"featured_media":0,"parent":26,"menu_order":-1,"comment_status":"closed","ping_status":"closed","template":"","meta":[],"yoast_head":"<!-- This site is optimized with the Yoast SEO plugin v15.9 - https:\/\/yoast.com\/wordpress\/plugins\/seo\/ -->\n<title>Repertorio de \u00f3pera - TriOpera.es<\/title>\n<meta name=\"description\" content=\"TriOpera es un conjunto l\u00edrico formado por una soprano, un tenor y un pianista radicado en Madrid, Espa\u00f1a. TriOpera interpreta romanzas de zarzuela y arias de \u00f3pera as\u00ed como repertorio religioso y de c\u00e1mara.\" \/>\n<meta name=\"robots\" content=\"index, follow, max-snippet:-1, max-image-preview:large, max-video-preview:-1\" \/>\n<link rel=\"canonical\" href=\"https:\/\/triopera.es\/index.php\/nuestro-repertorio\/repertorio-de-opera\/\" \/>\n<meta property=\"og:locale\" content=\"es_ES\" \/>\n<meta property=\"og:type\" content=\"article\" \/>\n<meta property=\"og:title\" content=\"Repertorio de \u00f3pera - TriOpera.es\" \/>\n<meta property=\"og:description\" content=\"TriOpera es un conjunto l\u00edrico formado por una soprano, un tenor y un pianista radicado en Madrid, Espa\u00f1a. TriOpera interpreta romanzas de zarzuela y arias de \u00f3pera as\u00ed como repertorio religioso y de c\u00e1mara.\" \/>\n<meta property=\"og:url\" content=\"https:\/\/triopera.es\/index.php\/nuestro-repertorio\/repertorio-de-opera\/\" \/>\n<meta property=\"og:site_name\" content=\"TriOpera.es\" \/>\n<meta property=\"article:modified_time\" content=\"2021-03-03T15:52:22+00:00\" \/>\n<meta name=\"twitter:card\" content=\"summary_large_image\" \/>\n<meta name=\"twitter:label1\" content=\"Tiempo de lectura\">\n\t<meta name=\"twitter:data1\" content=\"3 minutos\">\n<script type=\"application\/ld+json\" class=\"yoast-schema-graph\">{\"@context\":\"https:\/\/schema.org\",\"@graph\":[{\"@type\":\"Organization\",\"@id\":\"http:\/\/triopera.es\/#organization\",\"name\":\"TriOpera\",\"url\":\"http:\/\/triopera.es\/\",\"sameAs\":[],\"logo\":{\"@type\":\"ImageObject\",\"@id\":\"http:\/\/triopera.es\/#logo\",\"inLanguage\":\"es\",\"url\":\"https:\/\/triopera.es\/wp-content\/uploads\/2019\/08\/logotipo-TriOperaGrande-Garamond.jpg\",\"width\":1435,\"height\":320,\"caption\":\"TriOpera\"},\"image\":{\"@id\":\"http:\/\/triopera.es\/#logo\"}},{\"@type\":\"WebSite\",\"@id\":\"http:\/\/triopera.es\/#website\",\"url\":\"http:\/\/triopera.es\/\",\"name\":\"TriOpera.es\",\"description\":\"Soprano, tenor y pianista\",\"publisher\":{\"@id\":\"http:\/\/triopera.es\/#organization\"},\"potentialAction\":[{\"@type\":\"SearchAction\",\"target\":\"http:\/\/triopera.es\/?s={search_term_string}\",\"query-input\":\"required name=search_term_string\"}],\"inLanguage\":\"es\"},{\"@type\":\"WebPage\",\"@id\":\"https:\/\/triopera.es\/index.php\/nuestro-repertorio\/repertorio-de-opera\/#webpage\",\"url\":\"https:\/\/triopera.es\/index.php\/nuestro-repertorio\/repertorio-de-opera\/\",\"name\":\"Repertorio de \\u00f3pera - TriOpera.es\",\"isPartOf\":{\"@id\":\"http:\/\/triopera.es\/#website\"},\"datePublished\":\"2019-08-29T16:35:00+00:00\",\"dateModified\":\"2021-03-03T15:52:22+00:00\",\"description\":\"TriOpera es un conjunto l\\u00edrico formado por una soprano, un tenor y un pianista radicado en Madrid, Espa\\u00f1a. TriOpera interpreta romanzas de zarzuela y arias de \\u00f3pera as\\u00ed como repertorio religioso y de c\\u00e1mara.\",\"breadcrumb\":{\"@id\":\"https:\/\/triopera.es\/index.php\/nuestro-repertorio\/repertorio-de-opera\/#breadcrumb\"},\"inLanguage\":\"es\",\"potentialAction\":[{\"@type\":\"ReadAction\",\"target\":[\"https:\/\/triopera.es\/index.php\/nuestro-repertorio\/repertorio-de-opera\/\"]}]},{\"@type\":\"BreadcrumbList\",\"@id\":\"https:\/\/triopera.es\/index.php\/nuestro-repertorio\/repertorio-de-opera\/#breadcrumb\",\"itemListElement\":[{\"@type\":\"ListItem\",\"position\":1,\"item\":{\"@type\":\"WebPage\",\"@id\":\"http:\/\/triopera.es\/\",\"url\":\"http:\/\/triopera.es\/\",\"name\":\"Portada\"}},{\"@type\":\"ListItem\",\"position\":2,\"item\":{\"@type\":\"WebPage\",\"@id\":\"http:\/\/triopera.es\/index.php\/nuestro-repertorio\/\",\"url\":\"http:\/\/triopera.es\/index.php\/nuestro-repertorio\/\",\"name\":\"Nuestro repertorio\"}},{\"@type\":\"ListItem\",\"position\":3,\"item\":{\"@type\":\"WebPage\",\"@id\":\"https:\/\/triopera.es\/index.php\/nuestro-repertorio\/repertorio-de-opera\/\",\"url\":\"https:\/\/triopera.es\/index.php\/nuestro-repertorio\/repertorio-de-opera\/\",\"name\":\"Repertorio de \\u00f3pera\"}}]}]}<\/script>\n<!-- \/ Yoast SEO plugin. -->","_links":{"self":[{"href":"https:\/\/triopera.es\/index.php\/wp-json\/wp\/v2\/pages\/262"}],"collection":[{"href":"https:\/\/triopera.es\/index.php\/wp-json\/wp\/v2\/pages"}],"about":[{"href":"https:\/\/triopera.es\/index.php\/wp-json\/wp\/v2\/types\/page"}],"author":[{"embeddable":true,"href":"https:\/\/triopera.es\/index.php\/wp-json\/wp\/v2\/users\/1"}],"replies":[{"embeddable":true,"href":"https:\/\/triopera.es\/index.php\/wp-json\/wp\/v2\/comments?post=262"}],"version-history":[{"count":7,"href":"https:\/\/triopera.es\/index.php\/wp-json\/wp\/v2\/pages\/262\/revisions"}],"predecessor-version":[{"id":414,"href":"https:\/\/triopera.es\/index.php\/wp-json\/wp\/v2\/pages\/262\/revisions\/414"}],"up":[{"embeddable":true,"href":"https:\/\/triopera.es\/index.php\/wp-json\/wp\/v2\/pages\/26"}],"wp:attachment":[{"href":"https:\/\/triopera.es\/index.php\/wp-json\/wp\/v2\/media?parent=262"}],"curies":[{"name":"wp","href":"https:\/\/api.w.org\/{rel}","templated":true}]}}