{"id":256,"date":"2019-08-29T16:29:38","date_gmt":"2019-08-29T16:29:38","guid":{"rendered":"http:\/\/triopera.es\/?page_id=256"},"modified":"2021-03-03T15:35:43","modified_gmt":"2021-03-03T15:35:43","slug":"repertorio-religioso","status":"publish","type":"page","link":"https:\/\/triopera.es\/index.php\/nuestro-repertorio\/repertorio-religioso\/","title":{"rendered":"Repertorio religioso"},"content":{"rendered":"\n<p><strong>Obras<\/strong><br>\n<\/p>\n\n\n\n<figure class=\"wp-block-table\"><table><tbody><tr><td><\/td><td>La Plegaria (Canto a la Virgen)<\/td><td> \u00c1lvarez<\/td><\/tr><tr><td>&nbsp;<\/td><td>&nbsp;\u201cBlute Nur \u201c (Pasi\u00f3n seg\u00fan S.Mateo)<\/td><td>&nbsp;Bach<br>\n<\/td><\/tr><tr><td>&nbsp;<\/td><td>&nbsp;Ave Mar\u00eda <br>\n<\/td><td>&nbsp;Bach\/ Gounod<\/td><\/tr><tr><td>\n<a href=\"https:\/\/sites.google.com\/site\/trioperaes\/gallery\/archivador-de-audio\"><\/a>\n<\/td><td>&nbsp;Ave Mar\u00eda<br>\n<\/td><td>&nbsp;Schubert<\/td><\/tr><tr><td>&nbsp;<\/td><td>&nbsp;Ave Mar\u00eda<\/td><td>&nbsp;Mascagni<\/td><\/tr><tr><td>&nbsp;<\/td><td>&nbsp;Ave Mar\u00eda<\/td><td>&nbsp;Caccini<\/td><\/tr><tr><td>&nbsp;<\/td><td>&nbsp;Ave verum\ncorpus<\/td><td>&nbsp;Mozart<\/td><\/tr><tr><td>&nbsp;<\/td><td>&nbsp;Agnus Dei (Misa de la Coronac\u00ed\u00f3n)<\/td><td>&nbsp;Mozart<br>\n<\/td><\/tr><tr><td>&nbsp;<\/td><td>&nbsp;Aleluya<\/td><td>&nbsp;L. Cohen<\/td><\/tr><tr><td>&nbsp;<\/td><td>&nbsp;Canticorum Jubilo<\/td><td>&nbsp;Haendel<\/td><\/tr><tr><td>&nbsp;<\/td><td>&nbsp;\u00abI know that my Redeemer liveth\u00bb&nbsp;<\/td><td>&nbsp;Haendel (El Mes\u00edas)<\/td><\/tr><tr><td>&nbsp;<\/td><td>&nbsp;\u00abHow beautiful\u00bb&nbsp;<\/td><td>&nbsp;Haendel (El Mes\u00edas)<\/td><\/tr><tr><td>&nbsp;<\/td><td>&nbsp;\u00abRejoice\u00bb&nbsp;<\/td><td>&nbsp;Haendel (El Mes\u00edas)<\/td><\/tr><tr><td>\n<a href=\"https:\/\/sites.google.com\/site\/trioperaes\/gallery\/archivador-de-audio\"><\/a>\n<\/td><td>&nbsp;Panis\nAngelicus <\/td><td>&nbsp;Frank<br>\n<\/td><\/tr><tr><td>&nbsp;<\/td><td>&nbsp;Pie jesu (Misa de Requiem)<\/td><td>&nbsp;G.&nbsp;Faur\u00e9<br>\n<\/td><\/tr><tr><td>&nbsp;<\/td><td>&nbsp;Crucifixus<\/td><td>&nbsp;J.B.&nbsp;Faur\u00e9<br>\n<\/td><\/tr><tr><td>\n<a href=\"https:\/\/sites.google.com\/site\/trioperaes\/gallery\/archivador-de-audio\"><\/a>\n<\/td><td>&nbsp;Jerusalem (Paulus)<\/td><td>&nbsp;Mendelssohn<br>\n<\/td><\/tr><tr><td>\n\n<\/td><td>&nbsp;Cujus (Stabat Mater)<\/td><td>&nbsp;Pergolesi<br>\n<\/td><\/tr><tr><td>\n<a href=\"https:\/\/sites.google.com\/site\/trioperaes\/gallery\/archivador-de-audio\"><\/a>\n<\/td><td>&nbsp;Vidit suum (Stabat Mater)<\/td><td>&nbsp;Pergolesi<br>\n<\/td><\/tr><tr><td>&nbsp;<\/td><td>&nbsp;A Claire Benediction<\/td><td>&nbsp;J. Rutter<\/td><\/tr><tr><td>&nbsp;<\/td><td>&nbsp;Aria del vagante<\/td><td>&nbsp;Vivaldi<\/td><\/tr><tr><td>&nbsp;<\/td><td>&nbsp;\u00abDomine Deus\u00bb-Gloria<\/td><td>&nbsp;Vivaldi<\/td><\/tr><\/tbody><\/table><\/figure>\n","protected":false},"excerpt":{"rendered":"<p>Obras La Plegaria (Canto a la Virgen) \u00c1lvarez &nbsp; &nbsp;\u201cBlute Nur \u201c (Pasi\u00f3n seg\u00fan S.Mateo) &nbsp;Bach &nbsp; &nbsp;Ave Mar\u00eda &nbsp;Bach\/ Gounod &nbsp;Ave Mar\u00eda &nbsp;Schubert &nbsp; &nbsp;Ave Mar\u00eda &nbsp;Mascagni &nbsp; &nbsp;Ave Mar\u00eda &nbsp;Caccini &nbsp; &nbsp;Ave verum corpus &nbsp;Mozart &nbsp; &nbsp;Agnus Dei (Misa de la Coronac\u00ed\u00f3n) &nbsp;Mozart &nbsp; &nbsp;Aleluya &nbsp;L. Cohen &nbsp; &nbsp;Canticorum Jubilo &nbsp;Haendel &nbsp; &nbsp;\u00abI know that my Redeemer liveth\u00bb&nbsp; &nbsp;Haendel (El Mes\u00edas) &nbsp; &nbsp;\u00abHow beautiful\u00bb&nbsp; &nbsp;Haendel (El Mes\u00edas) &nbsp; &nbsp;\u00abRejoice\u00bb&nbsp; &nbsp;Haendel (El Mes\u00edas) &nbsp;Panis Angelicus &nbsp;Frank &nbsp; &nbsp;Pie jesu (Misa de Requiem) &nbsp;G.&nbsp;Faur\u00e9 &nbsp; &nbsp;Crucifixus &nbsp;J.B.&nbsp;Faur\u00e9 &nbsp;Jerusalem (Paulus) &nbsp;Mendelssohn &nbsp;Cujus (Stabat Mater) &nbsp;Pergolesi &nbsp;Vidit suum (Stabat Mater) &nbsp;Pergolesi &nbsp; [&hellip;]<\/p>\n","protected":false},"author":1,"featured_media":0,"parent":26,"menu_order":0,"comment_status":"closed","ping_status":"closed","template":"","meta":[],"yoast_head":"<!-- This site is optimized with the Yoast SEO plugin v15.9 - https:\/\/yoast.com\/wordpress\/plugins\/seo\/ -->\n<title>Repertorio religioso - TriOpera.es<\/title>\n<meta name=\"description\" content=\"TriOpera es un conjunto l\u00edrico formado por una soprano, un tenor y un pianista radicado en Madrid, Espa\u00f1a. TriOpera interpreta romanzas de zarzuela y arias de \u00f3pera as\u00ed como repertorio religioso y de c\u00e1mara.\" \/>\n<meta name=\"robots\" content=\"index, follow, max-snippet:-1, max-image-preview:large, max-video-preview:-1\" \/>\n<link rel=\"canonical\" href=\"https:\/\/triopera.es\/index.php\/nuestro-repertorio\/repertorio-religioso\/\" \/>\n<meta property=\"og:locale\" content=\"es_ES\" \/>\n<meta property=\"og:type\" content=\"article\" \/>\n<meta property=\"og:title\" content=\"Repertorio religioso - TriOpera.es\" \/>\n<meta property=\"og:description\" content=\"TriOpera es un conjunto l\u00edrico formado por una soprano, un tenor y un pianista radicado en Madrid, Espa\u00f1a. TriOpera interpreta romanzas de zarzuela y arias de \u00f3pera as\u00ed como repertorio religioso y de c\u00e1mara.\" \/>\n<meta property=\"og:url\" content=\"https:\/\/triopera.es\/index.php\/nuestro-repertorio\/repertorio-religioso\/\" \/>\n<meta property=\"og:site_name\" content=\"TriOpera.es\" \/>\n<meta property=\"article:modified_time\" content=\"2021-03-03T15:35:43+00:00\" \/>\n<meta name=\"twitter:card\" content=\"summary_large_image\" \/>\n<meta name=\"twitter:label1\" content=\"Tiempo de lectura\">\n\t<meta name=\"twitter:data1\" content=\"1 minuto\">\n<script type=\"application\/ld+json\" class=\"yoast-schema-graph\">{\"@context\":\"https:\/\/schema.org\",\"@graph\":[{\"@type\":\"Organization\",\"@id\":\"http:\/\/triopera.es\/#organization\",\"name\":\"TriOpera\",\"url\":\"http:\/\/triopera.es\/\",\"sameAs\":[],\"logo\":{\"@type\":\"ImageObject\",\"@id\":\"http:\/\/triopera.es\/#logo\",\"inLanguage\":\"es\",\"url\":\"https:\/\/triopera.es\/wp-content\/uploads\/2019\/08\/logotipo-TriOperaGrande-Garamond.jpg\",\"width\":1435,\"height\":320,\"caption\":\"TriOpera\"},\"image\":{\"@id\":\"http:\/\/triopera.es\/#logo\"}},{\"@type\":\"WebSite\",\"@id\":\"http:\/\/triopera.es\/#website\",\"url\":\"http:\/\/triopera.es\/\",\"name\":\"TriOpera.es\",\"description\":\"Soprano, tenor y pianista\",\"publisher\":{\"@id\":\"http:\/\/triopera.es\/#organization\"},\"potentialAction\":[{\"@type\":\"SearchAction\",\"target\":\"http:\/\/triopera.es\/?s={search_term_string}\",\"query-input\":\"required name=search_term_string\"}],\"inLanguage\":\"es\"},{\"@type\":\"WebPage\",\"@id\":\"https:\/\/triopera.es\/index.php\/nuestro-repertorio\/repertorio-religioso\/#webpage\",\"url\":\"https:\/\/triopera.es\/index.php\/nuestro-repertorio\/repertorio-religioso\/\",\"name\":\"Repertorio religioso - TriOpera.es\",\"isPartOf\":{\"@id\":\"http:\/\/triopera.es\/#website\"},\"datePublished\":\"2019-08-29T16:29:38+00:00\",\"dateModified\":\"2021-03-03T15:35:43+00:00\",\"description\":\"TriOpera es un conjunto l\\u00edrico formado por una soprano, un tenor y un pianista radicado en Madrid, Espa\\u00f1a. TriOpera interpreta romanzas de zarzuela y arias de \\u00f3pera as\\u00ed como repertorio religioso y de c\\u00e1mara.\",\"breadcrumb\":{\"@id\":\"https:\/\/triopera.es\/index.php\/nuestro-repertorio\/repertorio-religioso\/#breadcrumb\"},\"inLanguage\":\"es\",\"potentialAction\":[{\"@type\":\"ReadAction\",\"target\":[\"https:\/\/triopera.es\/index.php\/nuestro-repertorio\/repertorio-religioso\/\"]}]},{\"@type\":\"BreadcrumbList\",\"@id\":\"https:\/\/triopera.es\/index.php\/nuestro-repertorio\/repertorio-religioso\/#breadcrumb\",\"itemListElement\":[{\"@type\":\"ListItem\",\"position\":1,\"item\":{\"@type\":\"WebPage\",\"@id\":\"http:\/\/triopera.es\/\",\"url\":\"http:\/\/triopera.es\/\",\"name\":\"Portada\"}},{\"@type\":\"ListItem\",\"position\":2,\"item\":{\"@type\":\"WebPage\",\"@id\":\"http:\/\/triopera.es\/index.php\/nuestro-repertorio\/\",\"url\":\"http:\/\/triopera.es\/index.php\/nuestro-repertorio\/\",\"name\":\"Nuestro repertorio\"}},{\"@type\":\"ListItem\",\"position\":3,\"item\":{\"@type\":\"WebPage\",\"@id\":\"https:\/\/triopera.es\/index.php\/nuestro-repertorio\/repertorio-religioso\/\",\"url\":\"https:\/\/triopera.es\/index.php\/nuestro-repertorio\/repertorio-religioso\/\",\"name\":\"Repertorio religioso\"}}]}]}<\/script>\n<!-- \/ Yoast SEO plugin. -->","_links":{"self":[{"href":"https:\/\/triopera.es\/index.php\/wp-json\/wp\/v2\/pages\/256"}],"collection":[{"href":"https:\/\/triopera.es\/index.php\/wp-json\/wp\/v2\/pages"}],"about":[{"href":"https:\/\/triopera.es\/index.php\/wp-json\/wp\/v2\/types\/page"}],"author":[{"embeddable":true,"href":"https:\/\/triopera.es\/index.php\/wp-json\/wp\/v2\/users\/1"}],"replies":[{"embeddable":true,"href":"https:\/\/triopera.es\/index.php\/wp-json\/wp\/v2\/comments?post=256"}],"version-history":[{"count":2,"href":"https:\/\/triopera.es\/index.php\/wp-json\/wp\/v2\/pages\/256\/revisions"}],"predecessor-version":[{"id":411,"href":"https:\/\/triopera.es\/index.php\/wp-json\/wp\/v2\/pages\/256\/revisions\/411"}],"up":[{"embeddable":true,"href":"https:\/\/triopera.es\/index.php\/wp-json\/wp\/v2\/pages\/26"}],"wp:attachment":[{"href":"https:\/\/triopera.es\/index.php\/wp-json\/wp\/v2\/media?parent=256"}],"curies":[{"name":"wp","href":"https:\/\/api.w.org\/{rel}","templated":true}]}}