{"id":237,"date":"2019-08-29T15:40:29","date_gmt":"2019-08-29T15:40:29","guid":{"rendered":"http:\/\/triopera.es\/?page_id=237"},"modified":"2019-08-29T15:40:30","modified_gmt":"2019-08-29T15:40:30","slug":"zarzuela","status":"publish","type":"page","link":"https:\/\/triopera.es\/index.php\/zarzuela\/","title":{"rendered":"Zarzuela"},"content":{"rendered":"\n<h3 id=\"sites-page-title-header\">\nDisfrutando la Zarzuela\n<\/h3>\n\n\n\n<figure class=\"wp-block-image\"><img src=\"https:\/\/sites.google.com\/site\/trioperaes\/_\/rsrc\/1363649095742\/menu\/disfrutando-la-zarzuela\/Zarzuela-Rotulo%20Zarzuela.jpg?height=108&amp;width=400\" alt=\"\"\/><\/figure>\n\n\n\n<p>Gala l\u00edrica de zarzuela que repasa las m\u00e1s brillantes romanzas y d\u00faos del repertorio m\u00e1s popular del g\u00e9nero.&nbsp;<\/p>\n\n\n\n<p>A  medida que se suceden las actuaciones, se van presentando los  argumentos de las zarzuelas y las situaciones en las que se interpretan.<\/p>\n\n\n\n<p><strong>PARTE I:<br>\n<\/strong><\/p>\n\n\n\n<table class=\"wp-block-table\"><tbody><tr><td>\n<br>\n<\/td><td><strong>LOS CLAVELES<\/strong>&nbsp;(J. Serrano)<br>\u00abQu\u00e9 te importa que no venga\u00bb<\/td><\/tr><tr><td><a href=\"https:\/\/sites.google.com\/site\/trioperaes\/gallery\/archivador-de-audio\"><\/a><\/td><td><strong>LA TABERNERA DEL PUERTO<\/strong> (P. Soroz\u00e1bal)<br>\n\u00abNo puede ser\u00bb<\/td><\/tr><tr><td>\n<br>\n<\/td><td><strong>EL REY QUE RABI\u00d3<\/strong>&nbsp;(R.Chap\u00ed)<br>\u00abMi t\u00edo se figura\u00bb<\/td><\/tr><tr><td><\/td><td><strong>LA CHULAPONA&nbsp;<\/strong>(M. Torroba)<br>\n\u201cTienes raz\u00f3n amigo\u00bb<\/td><\/tr><tr><td>&nbsp;<\/td><td><strong>EL NI\u00d1O JUD\u00cdO<\/strong>&nbsp;(P. Luna)<br>\n\u00abDe Espa\u00f1a vengo\u00bb<\/td><\/tr><tr><td>\n<br>\n<\/td><td><strong>LUISA FERNANDA<\/strong>&nbsp;(M. Torroba)<br>\n\u00abDe ese apacible rinc\u00f3n de Madrid\u00bb<\/td><\/tr><\/tbody><\/table>\n\n\n\n<p><strong>PARTE II:<br>\n<\/strong><\/p>\n\n\n\n<table class=\"wp-block-table\"><tbody><tr><td>\n<br>\n<\/td><td><strong>MARINA<\/strong>&nbsp;(E. Arrieta)<br>\nD\u00fao: \u00abPor Dios tu pena cese\u00bb<br>\n<\/td><\/tr><tr><td><a href=\"https:\/\/sites.google.com\/site\/trioperaen\/video-gallery\"><\/a><\/td><td><strong>LUISA FERNANDA<\/strong> (F.Moreno Torroba)<br>\nD\u00fao: \u00abC\u00e1llate coraz\u00f3n\u201d.<\/td><\/tr><tr><td><a href=\"https:\/\/sites.google.com\/site\/trioperaen\/video-gallery\"><\/a>\n<\/td><td><strong>LA CHULAPONA<\/strong> (M.TORROBA)<br>\nD\u00fao: \u201cEse pa\u00f1uelito blanco\u201d<\/td><\/tr><tr><td>\n<br>\n<\/td><td><strong>LA REVOLTOSA<\/strong> (R. Chap\u00ed)<br>\nD\u00fao de Felipe y M\u00aaPepa: \u201cPor qu\u00e9 de mis ojos&#8230;\u201d<\/td><\/tr><tr><td>&nbsp;<a href=\"https:\/\/sites.google.com\/site\/trioperaes\/gallery\/archivador-de-audio\"><\/a><\/td><td><strong>EL GATO MONT\u00c9S<\/strong> (M. Penella)<br>\nD\u00fao: \u00abTorero quiero ser\u00bb<\/td><\/tr><\/tbody><\/table>\n","protected":false},"excerpt":{"rendered":"<p>Disfrutando la Zarzuela Gala l\u00edrica de zarzuela que repasa las m\u00e1s brillantes romanzas y d\u00faos del repertorio m\u00e1s popular del g\u00e9nero.&nbsp; A medida que se suceden las actuaciones, se van presentando los argumentos de las zarzuelas y las situaciones en las que se interpretan. PARTE I: LOS CLAVELES&nbsp;(J. Serrano)\u00abQu\u00e9 te importa que no venga\u00bb LA TABERNERA DEL PUERTO (P. Soroz\u00e1bal) \u00abNo puede ser\u00bb EL REY QUE RABI\u00d3&nbsp;(R.Chap\u00ed)\u00abMi t\u00edo se figura\u00bb LA CHULAPONA&nbsp;(M. Torroba) \u201cTienes raz\u00f3n amigo\u00bb &nbsp; EL NI\u00d1O JUD\u00cdO&nbsp;(P. Luna) \u00abDe Espa\u00f1a vengo\u00bb LUISA FERNANDA&nbsp;(M. Torroba) \u00abDe ese apacible rinc\u00f3n de Madrid\u00bb PARTE II: MARINA&nbsp;(E. Arrieta) D\u00fao: \u00abPor Dios [&hellip;]<\/p>\n","protected":false},"author":1,"featured_media":0,"parent":0,"menu_order":0,"comment_status":"closed","ping_status":"closed","template":"","meta":[],"yoast_head":"<!-- This site is optimized with the Yoast SEO plugin v15.9 - https:\/\/yoast.com\/wordpress\/plugins\/seo\/ -->\n<title>Zarzuela - TriOpera.es<\/title>\n<meta name=\"description\" content=\"TriOpera es un conjunto l\u00edrico formado por una soprano, un tenor y un pianista radicado en Madrid, Espa\u00f1a. TriOpera interpreta romanzas de zarzuela y arias de \u00f3pera as\u00ed como repertorio religioso y de c\u00e1mara.\" \/>\n<meta name=\"robots\" content=\"index, follow, max-snippet:-1, max-image-preview:large, max-video-preview:-1\" \/>\n<link rel=\"canonical\" href=\"https:\/\/triopera.es\/index.php\/zarzuela\/\" \/>\n<meta property=\"og:locale\" content=\"es_ES\" \/>\n<meta property=\"og:type\" content=\"article\" \/>\n<meta property=\"og:title\" content=\"Zarzuela - TriOpera.es\" \/>\n<meta property=\"og:description\" content=\"TriOpera es un conjunto l\u00edrico formado por una soprano, un tenor y un pianista radicado en Madrid, Espa\u00f1a. TriOpera interpreta romanzas de zarzuela y arias de \u00f3pera as\u00ed como repertorio religioso y de c\u00e1mara.\" \/>\n<meta property=\"og:url\" content=\"https:\/\/triopera.es\/index.php\/zarzuela\/\" \/>\n<meta property=\"og:site_name\" content=\"TriOpera.es\" \/>\n<meta property=\"article:modified_time\" content=\"2019-08-29T15:40:30+00:00\" \/>\n<meta property=\"og:image\" content=\"https:\/\/sites.google.com\/site\/trioperaes\/_\/rsrc\/1363649095742\/menu\/disfrutando-la-zarzuela\/Zarzuela-Rotulo%20Zarzuela.jpg?height=108&#038;width=400\" \/>\n<meta name=\"twitter:card\" content=\"summary_large_image\" \/>\n<meta name=\"twitter:label1\" content=\"Tiempo de lectura\">\n\t<meta name=\"twitter:data1\" content=\"1 minuto\">\n<script type=\"application\/ld+json\" class=\"yoast-schema-graph\">{\"@context\":\"https:\/\/schema.org\",\"@graph\":[{\"@type\":\"Organization\",\"@id\":\"http:\/\/triopera.es\/#organization\",\"name\":\"TriOpera\",\"url\":\"http:\/\/triopera.es\/\",\"sameAs\":[],\"logo\":{\"@type\":\"ImageObject\",\"@id\":\"http:\/\/triopera.es\/#logo\",\"inLanguage\":\"es\",\"url\":\"https:\/\/triopera.es\/wp-content\/uploads\/2019\/08\/logotipo-TriOperaGrande-Garamond.jpg\",\"width\":1435,\"height\":320,\"caption\":\"TriOpera\"},\"image\":{\"@id\":\"http:\/\/triopera.es\/#logo\"}},{\"@type\":\"WebSite\",\"@id\":\"http:\/\/triopera.es\/#website\",\"url\":\"http:\/\/triopera.es\/\",\"name\":\"TriOpera.es\",\"description\":\"Soprano, tenor y pianista\",\"publisher\":{\"@id\":\"http:\/\/triopera.es\/#organization\"},\"potentialAction\":[{\"@type\":\"SearchAction\",\"target\":\"http:\/\/triopera.es\/?s={search_term_string}\",\"query-input\":\"required name=search_term_string\"}],\"inLanguage\":\"es\"},{\"@type\":\"ImageObject\",\"@id\":\"https:\/\/triopera.es\/index.php\/zarzuela\/#primaryimage\",\"inLanguage\":\"es\",\"url\":\"https:\/\/sites.google.com\/site\/trioperaes\/_\/rsrc\/1363649095742\/menu\/disfrutando-la-zarzuela\/Zarzuela-Rotulo%20Zarzuela.jpg?height=108&amp;width=400\"},{\"@type\":\"WebPage\",\"@id\":\"https:\/\/triopera.es\/index.php\/zarzuela\/#webpage\",\"url\":\"https:\/\/triopera.es\/index.php\/zarzuela\/\",\"name\":\"Zarzuela - TriOpera.es\",\"isPartOf\":{\"@id\":\"http:\/\/triopera.es\/#website\"},\"primaryImageOfPage\":{\"@id\":\"https:\/\/triopera.es\/index.php\/zarzuela\/#primaryimage\"},\"datePublished\":\"2019-08-29T15:40:29+00:00\",\"dateModified\":\"2019-08-29T15:40:30+00:00\",\"description\":\"TriOpera es un conjunto l\\u00edrico formado por una soprano, un tenor y un pianista radicado en Madrid, Espa\\u00f1a. TriOpera interpreta romanzas de zarzuela y arias de \\u00f3pera as\\u00ed como repertorio religioso y de c\\u00e1mara.\",\"breadcrumb\":{\"@id\":\"https:\/\/triopera.es\/index.php\/zarzuela\/#breadcrumb\"},\"inLanguage\":\"es\",\"potentialAction\":[{\"@type\":\"ReadAction\",\"target\":[\"https:\/\/triopera.es\/index.php\/zarzuela\/\"]}]},{\"@type\":\"BreadcrumbList\",\"@id\":\"https:\/\/triopera.es\/index.php\/zarzuela\/#breadcrumb\",\"itemListElement\":[{\"@type\":\"ListItem\",\"position\":1,\"item\":{\"@type\":\"WebPage\",\"@id\":\"http:\/\/triopera.es\/\",\"url\":\"http:\/\/triopera.es\/\",\"name\":\"Portada\"}},{\"@type\":\"ListItem\",\"position\":2,\"item\":{\"@type\":\"WebPage\",\"@id\":\"https:\/\/triopera.es\/index.php\/zarzuela\/\",\"url\":\"https:\/\/triopera.es\/index.php\/zarzuela\/\",\"name\":\"Zarzuela\"}}]}]}<\/script>\n<!-- \/ Yoast SEO plugin. -->","_links":{"self":[{"href":"https:\/\/triopera.es\/index.php\/wp-json\/wp\/v2\/pages\/237"}],"collection":[{"href":"https:\/\/triopera.es\/index.php\/wp-json\/wp\/v2\/pages"}],"about":[{"href":"https:\/\/triopera.es\/index.php\/wp-json\/wp\/v2\/types\/page"}],"author":[{"embeddable":true,"href":"https:\/\/triopera.es\/index.php\/wp-json\/wp\/v2\/users\/1"}],"replies":[{"embeddable":true,"href":"https:\/\/triopera.es\/index.php\/wp-json\/wp\/v2\/comments?post=237"}],"version-history":[{"count":1,"href":"https:\/\/triopera.es\/index.php\/wp-json\/wp\/v2\/pages\/237\/revisions"}],"predecessor-version":[{"id":238,"href":"https:\/\/triopera.es\/index.php\/wp-json\/wp\/v2\/pages\/237\/revisions\/238"}],"wp:attachment":[{"href":"https:\/\/triopera.es\/index.php\/wp-json\/wp\/v2\/media?parent=237"}],"curies":[{"name":"wp","href":"https:\/\/api.w.org\/{rel}","templated":true}]}}