{"id":234,"date":"2019-08-29T15:37:26","date_gmt":"2019-08-29T15:37:26","guid":{"rendered":"http:\/\/triopera.es\/?page_id=234"},"modified":"2019-08-29T15:37:26","modified_gmt":"2019-08-29T15:37:26","slug":"opera-y-zarzuela","status":"publish","type":"page","link":"https:\/\/triopera.es\/index.php\/opera-y-zarzuela\/","title":{"rendered":"Opera y zarzuela"},"content":{"rendered":"\n<h2> <em><strong>\u00d3pera y Zarzuela: Los duos m\u00e1s entra\u00f1ables<\/strong><\/em> <\/h2>\n\n\n\n<p><\/p>\n\n\n\n<p>\nDuraci\u00f3n aprox: 25 min. \n\n<\/p>\n\n\n\n<p><strong>PROGRAMA<\/strong><\/p>\n\n\n\n<table class=\"wp-block-table\"><tbody><tr><td>\n<br>\n<\/td><td>&nbsp;1.-&nbsp; D\u00fao: \u201cLibbiamo ne\u2019lieti calici\u201d LA TRAVIATA (G.Verdi) <\/td><\/tr><tr><td><a href=\"https:\/\/sites.google.com\/site\/trioperaes\/gallery\/archivador-de-audio\"><\/a>\n<\/td><td>&nbsp;2.-&nbsp; D\u00fao: \u201cLa ci darem la mano\u201d DON GIOVANNI (MOZART)<\/td><\/tr><tr><td>\n\n<a href=\"https:\/\/sites.google.com\/site\/trioperaes\/gallery\/videos\"><\/a>\n<\/td><td>&nbsp;3.-&nbsp; D\u00fao: \u201cAh! Verranno a te sull&#8217;aure\u00bb LUCIA DI LAMMERMOOR (DONIZETTI)<br>\n<\/td><\/tr><tr><td>&nbsp;<\/td><td>&nbsp;4.-&nbsp; D\u00fao: \u201cAnge adorable\u201d ROMEO Y JULIETA (C.Gounod)<\/td><\/tr><tr><td>\n<\/td><td>&nbsp;5.- D\u00fao: \u00abTornami a dir che m&#8217;ami\u00bb DON PASQUALE (DONIZETTI)<\/td><\/tr><tr><td><a href=\"https:\/\/sites.google.com\/site\/trioperaes\/gallery\/archivador-de-audio\"><\/a>\n<\/td><td>&nbsp;4.-&nbsp; D\u00dao: \u00abC\u00e1llate coraz\u00f3n\u00bb LUISA FERNANDA (M.TORROBA)<br>\n<\/td><\/tr><tr><td>\n<a href=\"https:\/\/sites.google.com\/site\/trioperaes\/gallery\/archivador-de-audio\"><br>\n<\/a>\n<\/td><td>&nbsp;5.-&nbsp; D\u00fao de Felipe y Mari Pepa \u2013 LA REVOLTOSA (CHAPI)<\/td><\/tr><tr><td>\n<a href=\"https:\/\/sites.google.com\/site\/trioperaes\/gallery\/archivador-de-audio\"><\/a>\n<\/td><td>&nbsp;6.-&nbsp; D\u00fao: \u00abTorero quiero ser\u00bb EL GATO MONT\u00c9S (PENELLA)<\/td><\/tr><\/tbody><\/table>\n\n\n\n<p><strong><br> <\/strong><\/p>\n\n\n\n<h2> <strong><em>Gala L\u00edrica<\/em> <\/strong> <\/h2>\n\n\n\n<p><strong>Un aut\u00e9ntico evento musical de calidad.<\/strong><\/p>\n\n\n\n<p><strong>Duraci\u00f3n aprox: 70 min.<\/strong><\/p>\n\n\n\n<p><strong>PARTE I: Canci\u00f3n de sal\u00f3n y Opera<br>\n<\/strong><\/p>\n\n\n\n<table class=\"wp-block-table\"><tbody><tr><td>&nbsp;<\/td><td>&nbsp;1.- \u00abSi dolce il tormento\u201d (MONTEVERDI)<\/td><\/tr><tr><td><br><\/td><td>&nbsp;2.- \u00abAmarilli\u00bb (CACCINI)<\/td><\/tr><tr><td>&nbsp;<\/td><td>&nbsp;3.- \u00abStill wie die Nacht\u201d&nbsp; (CARL BOHN)<\/td><\/tr><tr><td><br><\/td><td>&nbsp;4.- \u00abGretchen am Spinnrade\u00bb (SCHUBERT)<\/td><\/tr><tr><td><a href=\"https:\/\/sites.google.com\/site\/trioperaes\/gallery\/videos\"><\/a><\/td><td>&nbsp;5.- \u00abPourquoi me reveiller \u00bb WERTHER (MASSENET)<\/td><\/tr><tr><td><a href=\"https:\/\/sites.google.com\/site\/trioperaes\/gallery\/videos\"><\/a><\/td><td>&nbsp;6.- \u00abAddio del passato\u00bb LA TRAVIATA (VERDI)<\/td><\/tr><tr><td>&nbsp;<\/td><td>&nbsp;7.- \u00abChe gelida manina\u00bb LA BOHEME (PUCCINI)<\/td><\/tr><tr><td>&nbsp;<\/td><td>&nbsp;8.- \u00abSi, mi chiamo Mimi\u00bb LA BOHEME (PUCCINI)<\/td><\/tr><tr><td>&nbsp;<\/td><td>&nbsp;9.- D\u00fao: \u201cO soave fanciulla\u201d&nbsp; LA BOHEME (PUCCINI)<\/td><\/tr><\/tbody><\/table>\n\n\n\n<p><strong>PARTE II: Opera y Zarzuela<\/strong><\/p>\n\n\n\n<table class=\"wp-block-table\"><tbody><tr><td><a href=\"https:\/\/sites.google.com\/site\/trioperaes\/gallery\/archivador-de-audio\"><\/a>\n<\/td><td>\u00a010.- D\u00fao: \u201cLa ci darem la mano\u201d. <em>Don Giovanni<\/em> (MOZART)<\/td><\/tr><tr><td>&nbsp;<\/td><td>\u00a011.-\u00abE la solita storia del pastore\u201d. <em>L\u00b4Arlesiana<\/em>\u00a0 (CILEA)<\/td><\/tr><tr><td>&nbsp;<\/td><td>\u00a012.-\u00abEcco, respiro appena\u00bb. <em>Adriana Lecouvreur<\/em> (CILEA)<\/td><\/tr><tr><td>\n<br><\/td><td>\u00a013.- \u00abRecondita armonia\u00bb TOSCA (PUCCINI)<\/td><\/tr><tr><td><a href=\"https:\/\/sites.google.com\/site\/trioperaes\/gallery\/videos\"><\/a>\n<\/td><td>\u00a014.-\u00abNo puede ser\u201d. <em>La Tabernera del Puerto<\/em> (SOROZABAL)<\/td><\/tr><tr><td>&nbsp;<\/td><td>\u00a015.- \u00a0\u00abMi tio se figura\u00bb EL REY QUE RABIO (R. CHAPI)<\/td><\/tr><tr><td><a href=\"https:\/\/sites.google.com\/site\/trioperaes\/gallery\/videos\"><\/a><\/td><td>\u00a016.- Duo: \u00abC\u00e1llate coraz\u00f3n\u00bb LUISA FERNANDA (M.TORROBA)<\/td><\/tr><tr><td><a href=\"https:\/\/sites.google.com\/site\/trioperaes\/gallery\/videos\"><\/a>\n<\/td><td>\u00a017.- D\u00fao: \u201cEse pa\u00f1uelito blanco\u201d LA CHULAPONA (M.TORROBA)<\/td><\/tr><tr><td>&nbsp;\n<a href=\"https:\/\/sites.google.com\/site\/trioperaes\/gallery\/archivador-de-audio\"><\/a>\n<\/td><td>\u00a018.- D\u00fao: \u00abTorero quiero s\u00e9\u00bb EL GATO MONTES (PENELLA)<\/td><\/tr><\/tbody><\/table>\n","protected":false},"excerpt":{"rendered":"<p>\u00d3pera y Zarzuela: Los duos m\u00e1s entra\u00f1ables Duraci\u00f3n aprox: 25 min. PROGRAMA &nbsp;1.-&nbsp; D\u00fao: \u201cLibbiamo ne\u2019lieti calici\u201d LA TRAVIATA (G.Verdi) &nbsp;2.-&nbsp; D\u00fao: \u201cLa ci darem la mano\u201d DON GIOVANNI (MOZART) &nbsp;3.-&nbsp; D\u00fao: \u201cAh! Verranno a te sull&#8217;aure\u00bb LUCIA DI LAMMERMOOR (DONIZETTI) &nbsp; &nbsp;4.-&nbsp; D\u00fao: \u201cAnge adorable\u201d ROMEO Y JULIETA (C.Gounod) &nbsp;5.- D\u00fao: \u00abTornami a dir che m&#8217;ami\u00bb DON PASQUALE (DONIZETTI) &nbsp;4.-&nbsp; D\u00dao: \u00abC\u00e1llate coraz\u00f3n\u00bb LUISA FERNANDA (M.TORROBA) &nbsp;5.-&nbsp; D\u00fao de Felipe y Mari Pepa \u2013 LA REVOLTOSA (CHAPI) &nbsp;6.-&nbsp; D\u00fao: \u00abTorero quiero ser\u00bb EL GATO MONT\u00c9S (PENELLA) Gala L\u00edrica Un aut\u00e9ntico evento musical de calidad. Duraci\u00f3n aprox: 70 min. PARTE [&hellip;]<\/p>\n","protected":false},"author":1,"featured_media":0,"parent":0,"menu_order":0,"comment_status":"closed","ping_status":"closed","template":"","meta":[],"yoast_head":"<!-- This site is optimized with the Yoast SEO plugin v15.9 - https:\/\/yoast.com\/wordpress\/plugins\/seo\/ -->\n<title>Opera y zarzuela - TriOpera.es<\/title>\n<meta name=\"description\" content=\"TriOpera es un conjunto l\u00edrico formado por una soprano, un tenor y un pianista radicado en Madrid, Espa\u00f1a. TriOpera interpreta romanzas de zarzuela y arias de \u00f3pera as\u00ed como repertorio religioso y de c\u00e1mara.\" \/>\n<meta name=\"robots\" content=\"index, follow, max-snippet:-1, max-image-preview:large, max-video-preview:-1\" \/>\n<link rel=\"canonical\" href=\"https:\/\/triopera.es\/index.php\/opera-y-zarzuela\/\" \/>\n<meta property=\"og:locale\" content=\"es_ES\" \/>\n<meta property=\"og:type\" content=\"article\" \/>\n<meta property=\"og:title\" content=\"Opera y zarzuela - TriOpera.es\" \/>\n<meta property=\"og:description\" content=\"TriOpera es un conjunto l\u00edrico formado por una soprano, un tenor y un pianista radicado en Madrid, Espa\u00f1a. TriOpera interpreta romanzas de zarzuela y arias de \u00f3pera as\u00ed como repertorio religioso y de c\u00e1mara.\" \/>\n<meta property=\"og:url\" content=\"https:\/\/triopera.es\/index.php\/opera-y-zarzuela\/\" \/>\n<meta property=\"og:site_name\" content=\"TriOpera.es\" \/>\n<meta name=\"twitter:card\" content=\"summary_large_image\" \/>\n<meta name=\"twitter:label1\" content=\"Tiempo de lectura\">\n\t<meta name=\"twitter:data1\" content=\"2 minutos\">\n<script type=\"application\/ld+json\" class=\"yoast-schema-graph\">{\"@context\":\"https:\/\/schema.org\",\"@graph\":[{\"@type\":\"Organization\",\"@id\":\"http:\/\/triopera.es\/#organization\",\"name\":\"TriOpera\",\"url\":\"http:\/\/triopera.es\/\",\"sameAs\":[],\"logo\":{\"@type\":\"ImageObject\",\"@id\":\"http:\/\/triopera.es\/#logo\",\"inLanguage\":\"es\",\"url\":\"https:\/\/triopera.es\/wp-content\/uploads\/2019\/08\/logotipo-TriOperaGrande-Garamond.jpg\",\"width\":1435,\"height\":320,\"caption\":\"TriOpera\"},\"image\":{\"@id\":\"http:\/\/triopera.es\/#logo\"}},{\"@type\":\"WebSite\",\"@id\":\"http:\/\/triopera.es\/#website\",\"url\":\"http:\/\/triopera.es\/\",\"name\":\"TriOpera.es\",\"description\":\"Soprano, tenor y pianista\",\"publisher\":{\"@id\":\"http:\/\/triopera.es\/#organization\"},\"potentialAction\":[{\"@type\":\"SearchAction\",\"target\":\"http:\/\/triopera.es\/?s={search_term_string}\",\"query-input\":\"required name=search_term_string\"}],\"inLanguage\":\"es\"},{\"@type\":\"WebPage\",\"@id\":\"https:\/\/triopera.es\/index.php\/opera-y-zarzuela\/#webpage\",\"url\":\"https:\/\/triopera.es\/index.php\/opera-y-zarzuela\/\",\"name\":\"Opera y zarzuela - TriOpera.es\",\"isPartOf\":{\"@id\":\"http:\/\/triopera.es\/#website\"},\"datePublished\":\"2019-08-29T15:37:26+00:00\",\"dateModified\":\"2019-08-29T15:37:26+00:00\",\"description\":\"TriOpera es un conjunto l\\u00edrico formado por una soprano, un tenor y un pianista radicado en Madrid, Espa\\u00f1a. TriOpera interpreta romanzas de zarzuela y arias de \\u00f3pera as\\u00ed como repertorio religioso y de c\\u00e1mara.\",\"breadcrumb\":{\"@id\":\"https:\/\/triopera.es\/index.php\/opera-y-zarzuela\/#breadcrumb\"},\"inLanguage\":\"es\",\"potentialAction\":[{\"@type\":\"ReadAction\",\"target\":[\"https:\/\/triopera.es\/index.php\/opera-y-zarzuela\/\"]}]},{\"@type\":\"BreadcrumbList\",\"@id\":\"https:\/\/triopera.es\/index.php\/opera-y-zarzuela\/#breadcrumb\",\"itemListElement\":[{\"@type\":\"ListItem\",\"position\":1,\"item\":{\"@type\":\"WebPage\",\"@id\":\"http:\/\/triopera.es\/\",\"url\":\"http:\/\/triopera.es\/\",\"name\":\"Portada\"}},{\"@type\":\"ListItem\",\"position\":2,\"item\":{\"@type\":\"WebPage\",\"@id\":\"https:\/\/triopera.es\/index.php\/opera-y-zarzuela\/\",\"url\":\"https:\/\/triopera.es\/index.php\/opera-y-zarzuela\/\",\"name\":\"Opera y zarzuela\"}}]}]}<\/script>\n<!-- \/ Yoast SEO plugin. -->","_links":{"self":[{"href":"https:\/\/triopera.es\/index.php\/wp-json\/wp\/v2\/pages\/234"}],"collection":[{"href":"https:\/\/triopera.es\/index.php\/wp-json\/wp\/v2\/pages"}],"about":[{"href":"https:\/\/triopera.es\/index.php\/wp-json\/wp\/v2\/types\/page"}],"author":[{"embeddable":true,"href":"https:\/\/triopera.es\/index.php\/wp-json\/wp\/v2\/users\/1"}],"replies":[{"embeddable":true,"href":"https:\/\/triopera.es\/index.php\/wp-json\/wp\/v2\/comments?post=234"}],"version-history":[{"count":1,"href":"https:\/\/triopera.es\/index.php\/wp-json\/wp\/v2\/pages\/234\/revisions"}],"predecessor-version":[{"id":235,"href":"https:\/\/triopera.es\/index.php\/wp-json\/wp\/v2\/pages\/234\/revisions\/235"}],"wp:attachment":[{"href":"https:\/\/triopera.es\/index.php\/wp-json\/wp\/v2\/media?parent=234"}],"curies":[{"name":"wp","href":"https:\/\/api.w.org\/{rel}","templated":true}]}}