{"id":231,"date":"2019-08-29T15:29:22","date_gmt":"2019-08-29T15:29:22","guid":{"rendered":"http:\/\/triopera.es\/?page_id=231"},"modified":"2019-09-02T15:29:22","modified_gmt":"2019-09-02T15:29:22","slug":"eventos","status":"publish","type":"page","link":"https:\/\/triopera.es\/index.php\/eventos\/","title":{"rendered":"Eventos"},"content":{"rendered":"\n<p><em><strong>AMENIZACIONES PARA EVENTOS<\/strong><\/em><br>Perfectos para dar esplendor a un acto conmemorativo, un congreso, una presentaci\u00f3n, etc.<br>Se  trata de conciertos dise\u00f1ados a medida del solicitante. Contamos con un  amplio repertorio, que nos permite adaptar el contenido y duraci\u00f3n al  tipo de acto, lugares donde se act\u00fae, etc.<br>Un  formato bastante habitual, es un concierto variado en el que se  interpretan canciones de sal\u00f3n, arias y d\u00faos de \u00f3pera y de zarzuela, con  una duraci\u00f3n que var\u00eda entre los 20 min. y los 70 min.<br>A  continuaci\u00f3n, a modo de ejemplo, incluimos los programas de los tres  tipos de conciertos m\u00e1s solicitados, si bien disponemos de un amplio\u00a0<a href=\"http:\/\/triopera.es\/index.php\/nuestro-repertorio\/\">repertorio<\/a>\u00a0alternativo.<br><\/p>\n\n\n\n<hr class=\"wp-block-separator\"\/>\n\n\n\n<figure class=\"wp-block-image\"><img src=\"https:\/\/sites.google.com\/site\/trioperaes\/_\/rsrc\/1363644468282\/menu\/concierto-1\/RotuloConciertoObertura.jpg\" alt=\"\"\/><\/figure>\n\n\n\n<p>Duraci\u00f3n aprox: 25 min.<\/p>\n\n\n\n<p><strong>PROGRAMA<\/strong><\/p>\n\n\n\n<table class=\"wp-block-table\"><tbody><tr><td>\n<br>\n<\/td><td>&nbsp;1.-&nbsp; D\u00fao: \u201cLibbiamo ne\u2019lieti calici\u201d LA TRAVIATA (G.Verdi) <\/td><\/tr><tr><td><a href=\"https:\/\/sites.google.com\/site\/trioperaes\/gallery\/archivador-de-audio\"><\/a>\n<\/td><td>&nbsp;2.-&nbsp; D\u00fao: \u201cLa ci darem la mano\u201d DON GIOVANNI (MOZART)<\/td><\/tr><tr><td>\n\n<a href=\"https:\/\/sites.google.com\/site\/trioperaes\/gallery\/videos\"><\/a>\n<\/td><td>&nbsp;3.-&nbsp; D\u00fao: \u201cAh! Verranno a te sull&#8217;aure\u00bb LUCIA DI LAMMERMOOR (DONIZETTI)<br>\n<\/td><\/tr><tr><td><a href=\"https:\/\/sites.google.com\/site\/trioperaes\/gallery\/videos\"><\/a>\n<\/td><td>&nbsp;4.-&nbsp; Duo: \u00abC\u00e1llate coraz\u00f3n\u00bb LUISA FERNANDA (M.TORROBA)<br>\n<\/td><\/tr><tr><td>\n<a href=\"https:\/\/sites.google.com\/site\/trioperaes\/gallery\/archivador-de-audio\"><br><\/a>\n<\/td><td>&nbsp;5.-&nbsp; D\u00fao de Felipe y Mari Pepa \u2013 LA REVOLTOSA (CHAPI)<\/td><\/tr><tr><td>\n<a href=\"https:\/\/sites.google.com\/site\/trioperaes\/gallery\/archivador-de-audio\"><\/a>\n<\/td><td>&nbsp;6.-&nbsp; D\u00fao: \u00abTorero quiero ser\u00bb EL GATO MONT\u00c9S (PENELLA)<\/td><\/tr><\/tbody><\/table>\n\n\n\n<p><strong><\/strong>Duraci\u00f3n aprox: 70 min.<\/p>\n\n\n\n<p>Un aut\u00e9ntico evento musical de calidad.<\/p>\n\n\n\n<p><strong>PARTE I: Canci\u00f3n de sal\u00f3n y Opera<br><\/strong><\/p>\n\n\n\n<table class=\"wp-block-table\"><tbody><tr><td>&nbsp;<\/td><td>&nbsp;1.- \u00abSi dolce il tormento\u201d (MONTEVERDI)<\/td><\/tr><tr><td><br><\/td><td>&nbsp;2.- \u00abAmarilli\u00bb (CACCINI)<\/td><\/tr><tr><td>&nbsp;<\/td><td>&nbsp;3.- \u00abStill wie die Nacht\u201d&nbsp; (CARL BOHN)<\/td><\/tr><tr><td><br><\/td><td>&nbsp;4.- \u00abGretchen am Spinnrade\u00bb (SCHUBERT)<\/td><\/tr><tr><td><a href=\"https:\/\/sites.google.com\/site\/trioperaes\/gallery\/videos\"><\/a><\/td><td>&nbsp;5.- \u00abPourquoi me reveiller \u00bb WERTHER (MASSENET)<\/td><\/tr><tr><td><a href=\"https:\/\/sites.google.com\/site\/trioperaes\/gallery\/videos\"><\/a><\/td><td>&nbsp;6.- \u00abAddio del passato\u00bb LA TRAVIATA (VERDI)<\/td><\/tr><tr><td>&nbsp;<\/td><td>&nbsp;7.- \u00abChe gelida manina\u00bb LA BOHEME (PUCCINI)<\/td><\/tr><tr><td>&nbsp;<\/td><td>&nbsp;8.- \u00abSi, mi chiamo Mimi\u00bb LA BOHEME (PUCCINI)<\/td><\/tr><tr><td>&nbsp;<\/td><td>&nbsp;9.- D\u00fao: \u201cO soave fanciulla\u201d&nbsp; LA BOHEME (PUCCINI)<\/td><\/tr><\/tbody><\/table>\n\n\n\n<p><strong>PARTE II: Opera y Zarzuela<\/strong><\/p>\n\n\n\n<table class=\"wp-block-table\"><tbody><tr><td><a href=\"https:\/\/sites.google.com\/site\/trioperaes\/gallery\/archivador-de-audio\"><\/a><\/td><td>&nbsp;11.- D\u00fao: \u201cLa ci darem la mano\u201d.&nbsp;<em>Don Giovanni<\/em>&nbsp;(MOZART)<\/td><\/tr><tr><td>&nbsp;<\/td><td>&nbsp;12.-\u00abE la solita storia del pastore\u201d.&nbsp;<em>L\u00b4Arlesiana<\/em>&nbsp;&nbsp;(CILEA)<\/td><\/tr><tr><td>&nbsp;<\/td><td>&nbsp;13.-\u00abEcco, respiro appena\u00bb.&nbsp;<em>Adriana Lecouvreur<\/em>&nbsp;(CILEA)<\/td><\/tr><tr><td><br><\/td><td>&nbsp;14.- \u00abRecondita armonia\u00bb TOSCA (PUCCINI)<\/td><\/tr><tr><td><a href=\"https:\/\/sites.google.com\/site\/trioperaes\/gallery\/videos\"><\/a><\/td><td>&nbsp;15.-\u00abNo puede ser\u201d.&nbsp;<em>La Tabernera del Puerto<\/em>&nbsp;(SOROZABAL)<\/td><\/tr><tr><td>&nbsp;<\/td><td>&nbsp;16.- &nbsp;\u00abMi tio se figura\u00bb EL REY QUE RABIO (R. CHAPI)<\/td><\/tr><tr><td><a href=\"https:\/\/sites.google.com\/site\/trioperaes\/gallery\/videos\"><\/a><\/td><td>&nbsp;17.- Duo: \u00abC\u00e1llate coraz\u00f3n\u00bb LUISA FERNANDA (M.TORROBA)<\/td><\/tr><tr><td><a href=\"https:\/\/sites.google.com\/site\/trioperaes\/gallery\/videos\"><\/a><\/td><td>&nbsp;18.- D\u00fao: \u201cEse pa\u00f1uelito blanco\u201d LA CHULAPONA (M.TORROBA)<\/td><\/tr><tr><td>&nbsp;<a href=\"https:\/\/sites.google.com\/site\/trioperaes\/gallery\/archivador-de-audio\"><\/a><\/td><td>&nbsp;19.- D\u00fao: \u00abTorero quiero s\u00e9\u00bb EL GATO MONTES (PENELLA)<\/td><\/tr><\/tbody><\/table>\n\n\n\n<p><strong><br><\/strong><\/p>\n","protected":false},"excerpt":{"rendered":"<p>AMENIZACIONES PARA EVENTOSPerfectos para dar esplendor a un acto conmemorativo, un congreso, una presentaci\u00f3n, etc.Se trata de conciertos dise\u00f1ados a medida del solicitante. Contamos con un amplio repertorio, que nos permite adaptar el contenido y duraci\u00f3n al tipo de acto, lugares donde se act\u00fae, etc.Un formato bastante habitual, es un concierto variado en el que se interpretan canciones de sal\u00f3n, arias y d\u00faos de \u00f3pera y de zarzuela, con una duraci\u00f3n que var\u00eda entre los 20 min. y los 70 min.A continuaci\u00f3n, a modo de ejemplo, incluimos los programas de los tres tipos de conciertos m\u00e1s solicitados, si bien disponemos [&hellip;]<\/p>\n","protected":false},"author":1,"featured_media":0,"parent":0,"menu_order":0,"comment_status":"closed","ping_status":"closed","template":"template-fullwidth.php","meta":[],"yoast_head":"<!-- This site is optimized with the Yoast SEO plugin v15.9 - https:\/\/yoast.com\/wordpress\/plugins\/seo\/ -->\n<title>Eventos - TriOpera.es<\/title>\n<meta name=\"description\" content=\"TriOpera es un conjunto l\u00edrico formado por una soprano, un tenor y un pianista radicado en Madrid, Espa\u00f1a. TriOpera interpreta romanzas de zarzuela y arias de \u00f3pera as\u00ed como repertorio religioso y de c\u00e1mara.\" \/>\n<meta name=\"robots\" content=\"index, follow, max-snippet:-1, max-image-preview:large, max-video-preview:-1\" \/>\n<link rel=\"canonical\" href=\"https:\/\/triopera.es\/index.php\/eventos\/\" \/>\n<meta property=\"og:locale\" content=\"es_ES\" \/>\n<meta property=\"og:type\" content=\"article\" \/>\n<meta property=\"og:title\" content=\"Eventos - TriOpera.es\" \/>\n<meta property=\"og:description\" content=\"TriOpera es un conjunto l\u00edrico formado por una soprano, un tenor y un pianista radicado en Madrid, Espa\u00f1a. TriOpera interpreta romanzas de zarzuela y arias de \u00f3pera as\u00ed como repertorio religioso y de c\u00e1mara.\" \/>\n<meta property=\"og:url\" content=\"https:\/\/triopera.es\/index.php\/eventos\/\" \/>\n<meta property=\"og:site_name\" content=\"TriOpera.es\" \/>\n<meta property=\"article:modified_time\" content=\"2019-09-02T15:29:22+00:00\" \/>\n<meta property=\"og:image\" content=\"https:\/\/sites.google.com\/site\/trioperaes\/_\/rsrc\/1363644468282\/menu\/concierto-1\/RotuloConciertoObertura.jpg\" \/>\n<meta name=\"twitter:card\" content=\"summary_large_image\" \/>\n<meta name=\"twitter:label1\" content=\"Tiempo de lectura\">\n\t<meta name=\"twitter:data1\" content=\"2 minutos\">\n<script type=\"application\/ld+json\" class=\"yoast-schema-graph\">{\"@context\":\"https:\/\/schema.org\",\"@graph\":[{\"@type\":\"Organization\",\"@id\":\"http:\/\/triopera.es\/#organization\",\"name\":\"TriOpera\",\"url\":\"http:\/\/triopera.es\/\",\"sameAs\":[],\"logo\":{\"@type\":\"ImageObject\",\"@id\":\"http:\/\/triopera.es\/#logo\",\"inLanguage\":\"es\",\"url\":\"https:\/\/triopera.es\/wp-content\/uploads\/2019\/08\/logotipo-TriOperaGrande-Garamond.jpg\",\"width\":1435,\"height\":320,\"caption\":\"TriOpera\"},\"image\":{\"@id\":\"http:\/\/triopera.es\/#logo\"}},{\"@type\":\"WebSite\",\"@id\":\"http:\/\/triopera.es\/#website\",\"url\":\"http:\/\/triopera.es\/\",\"name\":\"TriOpera.es\",\"description\":\"Soprano, tenor y pianista\",\"publisher\":{\"@id\":\"http:\/\/triopera.es\/#organization\"},\"potentialAction\":[{\"@type\":\"SearchAction\",\"target\":\"http:\/\/triopera.es\/?s={search_term_string}\",\"query-input\":\"required name=search_term_string\"}],\"inLanguage\":\"es\"},{\"@type\":\"ImageObject\",\"@id\":\"https:\/\/triopera.es\/index.php\/eventos\/#primaryimage\",\"inLanguage\":\"es\",\"url\":\"https:\/\/sites.google.com\/site\/trioperaes\/_\/rsrc\/1363644468282\/menu\/concierto-1\/RotuloConciertoObertura.jpg\"},{\"@type\":\"WebPage\",\"@id\":\"https:\/\/triopera.es\/index.php\/eventos\/#webpage\",\"url\":\"https:\/\/triopera.es\/index.php\/eventos\/\",\"name\":\"Eventos - TriOpera.es\",\"isPartOf\":{\"@id\":\"http:\/\/triopera.es\/#website\"},\"primaryImageOfPage\":{\"@id\":\"https:\/\/triopera.es\/index.php\/eventos\/#primaryimage\"},\"datePublished\":\"2019-08-29T15:29:22+00:00\",\"dateModified\":\"2019-09-02T15:29:22+00:00\",\"description\":\"TriOpera es un conjunto l\\u00edrico formado por una soprano, un tenor y un pianista radicado en Madrid, Espa\\u00f1a. TriOpera interpreta romanzas de zarzuela y arias de \\u00f3pera as\\u00ed como repertorio religioso y de c\\u00e1mara.\",\"breadcrumb\":{\"@id\":\"https:\/\/triopera.es\/index.php\/eventos\/#breadcrumb\"},\"inLanguage\":\"es\",\"potentialAction\":[{\"@type\":\"ReadAction\",\"target\":[\"https:\/\/triopera.es\/index.php\/eventos\/\"]}]},{\"@type\":\"BreadcrumbList\",\"@id\":\"https:\/\/triopera.es\/index.php\/eventos\/#breadcrumb\",\"itemListElement\":[{\"@type\":\"ListItem\",\"position\":1,\"item\":{\"@type\":\"WebPage\",\"@id\":\"http:\/\/triopera.es\/\",\"url\":\"http:\/\/triopera.es\/\",\"name\":\"Portada\"}},{\"@type\":\"ListItem\",\"position\":2,\"item\":{\"@type\":\"WebPage\",\"@id\":\"https:\/\/triopera.es\/index.php\/eventos\/\",\"url\":\"https:\/\/triopera.es\/index.php\/eventos\/\",\"name\":\"Eventos\"}}]}]}<\/script>\n<!-- \/ Yoast SEO plugin. -->","_links":{"self":[{"href":"https:\/\/triopera.es\/index.php\/wp-json\/wp\/v2\/pages\/231"}],"collection":[{"href":"https:\/\/triopera.es\/index.php\/wp-json\/wp\/v2\/pages"}],"about":[{"href":"https:\/\/triopera.es\/index.php\/wp-json\/wp\/v2\/types\/page"}],"author":[{"embeddable":true,"href":"https:\/\/triopera.es\/index.php\/wp-json\/wp\/v2\/users\/1"}],"replies":[{"embeddable":true,"href":"https:\/\/triopera.es\/index.php\/wp-json\/wp\/v2\/comments?post=231"}],"version-history":[{"count":2,"href":"https:\/\/triopera.es\/index.php\/wp-json\/wp\/v2\/pages\/231\/revisions"}],"predecessor-version":[{"id":338,"href":"https:\/\/triopera.es\/index.php\/wp-json\/wp\/v2\/pages\/231\/revisions\/338"}],"wp:attachment":[{"href":"https:\/\/triopera.es\/index.php\/wp-json\/wp\/v2\/media?parent=231"}],"curies":[{"name":"wp","href":"https:\/\/api.w.org\/{rel}","templated":true}]}}