{"id":228,"date":"2019-08-29T14:42:25","date_gmt":"2019-08-29T14:42:25","guid":{"rendered":"http:\/\/triopera.es\/?page_id=228"},"modified":"2019-08-29T17:51:20","modified_gmt":"2019-08-29T17:51:20","slug":"conciertos-didacticos","status":"publish","type":"page","link":"https:\/\/triopera.es\/index.php\/conciertos-didacticos\/","title":{"rendered":"Conciertos did\u00e1cticos"},"content":{"rendered":"\n<h3 id=\"sites-page-title-header\">\nConciertos Did\u00e1cticos\n<\/h3>\n\n\n\n<p><strong><\/strong><\/p>\n\n\n\n<p>Nuestros conciertos did\u00e1cticos permiten a los asistentes, adem\u00e1s de disfrutar\nde m\u00fasica l\u00edrica en directo, introducirse, de forma amena, en el mundo de la m\u00fasica l\u00edrica.&nbsp;<\/p>\n\n\n\n<p>Tienen\n la oportunidad de conocer los distintos g\u00e9neros l\u00edricos, la \nclasificaci\u00f3n de las voces, algunas nociones de t\u00e9cnica vocal, as\u00ed como \nlas \u00f3peras que han trascendido a lo largo de la historia, sus argumentos\n y arias m\u00e1s famosas.<\/p>\n\n\n\n<p>A continuaci\u00f3n les presentamos una de nuestras propuestas de concierto did\u00e1ctico:<strong> <em>Aprendiendo a amar la \u00d3pera y la Zarzuela<\/em> Duraci\u00f3n aprox. 60 min. <\/strong><\/p>\n\n\n\n<p>Un\n buen punto de partida para iniciarse en el g\u00e9nero oper\u00edstico es sin \nduda la escucha de las partes m\u00e1s conocidas de ciertas \u00f3peras.\nEn este concierto, les presentaremos algunas de las&nbsp;arias y d\u00faos de las \u00f3peras y zarzuelas m\u00e1s famosas, &nbsp;y de la mano de estas interpretaciones conoceremos los distintos g\u00e9neros oper\u00edsticos as\u00ed como&nbsp;los argumentos de las \u00f3peras a las que pertenecen.&nbsp;\n<\/p>\n\n\n\n<p>Confiamos que esta selecci\u00f3n tenga la virtud de despertar en los espectadores el inter\u00e9s por conocer el resto de la obra.<\/p>\n\n\n\n<p><strong>PROGRAMA:<\/strong><\/p>\n\n\n\n<table class=\"wp-block-table\"><tbody><tr><td>\n\n<br>\n<\/td><td><strong>Introducci\u00f3n<\/strong>: Iniciarse en la \u00d3pera, la voz y su clasificaci\u00f3n<\/td><\/tr><tr><td>\n&nbsp;\n<a href=\"https:\/\/sites.google.com\/site\/trioperaes\/gallery\/archivador-de-audio\"><\/a><\/td><td>\n<strong>Los or\u00edgenes de la \u00d3pera:<\/strong> CLAUDIO MONTEVERDI (1567 -1643) &#8211;&nbsp;<em>\n\u00abSi dolce il tormento\u00bb\n<\/em>\n<\/td><\/tr><tr><td>&nbsp;<\/td><td>\n<strong>Bel canto:<\/strong> DON PASQUALE (1843) &#8211; G.DONIZETTI (1797 &#8211; 1848) &#8211;&nbsp;<em>\u00abTornami a dir che m&#8217;ami\u00bb<\/em>\n<\/td><\/tr><tr><td>\n\n<br>\n<\/td><td>\n<strong>Romanticismo italiano:<\/strong> IL TROVATORE (1853) &#8211; G.VERDI (1813-1901) &#8211;&nbsp;<em>\u00abTacea la notte placida\u00bb<\/em>\n<\/td><\/tr><tr><td>\n<a href=\"https:\/\/sites.google.com\/site\/trioperaes\/gallery\/archivador-de-audio\"><\/a>\n<\/td><td>\n<strong>\u00d3pera buffa:<\/strong> DON GIOVANNI (1787) &#8211; W.A. MOZART (1756 &#8211; 1791) &#8211;&nbsp;<em>\n\u00abLa ci darem la mano\u00bb\n<\/em>\n<\/td><\/tr><tr><td>&nbsp;<\/td><td>\n<strong>\u00d3pera contempor\u00e1nea norteamericana:<\/strong> PORGY AND BESS ( 1935) &#8211; G.GERSHWIN (1898 &#8211; 1937) &#8211;&nbsp;<em>\u00abSummertime\u00bb<\/em>\n<\/td><\/tr><tr><td>&nbsp;<\/td><td>\n<strong>G\u00e9nero Chico:<\/strong>&nbsp;LA REVOLTOSA ( 1897) &#8211; R. Chap\u00ed (1851 &#8211; 1909) &#8211;&nbsp;<em>\u00abPor qu\u00e9 de mis ojos&#8230;\u00bb<\/em>\n<\/td><\/tr><tr><td>\n<a href=\"https:\/\/sites.google.com\/site\/trioperaes\/gallery\/videos\"><\/a>\n<\/td><td>\n<strong>Zarzuela Grande:<\/strong>&nbsp;LA CHULAPONA (1934) &#8211; F.MORENO TORROBA (1891 &#8211; 1982) &#8211;&nbsp;<em>\u00abEse pa\u00f1uelito blanco\u00bb<\/em>\n<\/td><\/tr><tr><td><a href=\"https:\/\/sites.google.com\/site\/trioperaes\/gallery\/archivador-de-audio\"><\/a><\/td><td>\n<strong>\u00d3pera espa\u00f1ola:<\/strong>&nbsp;MARINA (1855) &#8211; E.ARRIETA (1823 &#8211; 1894) &#8211;&nbsp;<em>\u00abPor Dios tu pena cese\u00bb<\/em>\n<\/td><\/tr><\/tbody><\/table>\n","protected":false},"excerpt":{"rendered":"<p>Conciertos Did\u00e1cticos Nuestros conciertos did\u00e1cticos permiten a los asistentes, adem\u00e1s de disfrutar de m\u00fasica l\u00edrica en directo, introducirse, de forma amena, en el mundo de la m\u00fasica l\u00edrica.&nbsp; Tienen la oportunidad de conocer los distintos g\u00e9neros l\u00edricos, la clasificaci\u00f3n de las voces, algunas nociones de t\u00e9cnica vocal, as\u00ed como las \u00f3peras que han trascendido a lo largo de la historia, sus argumentos y arias m\u00e1s famosas. A continuaci\u00f3n les presentamos una de nuestras propuestas de concierto did\u00e1ctico: Aprendiendo a amar la \u00d3pera y la Zarzuela Duraci\u00f3n aprox. 60 min. Un buen punto de partida para iniciarse en el g\u00e9nero oper\u00edstico [&hellip;]<\/p>\n","protected":false},"author":1,"featured_media":0,"parent":0,"menu_order":0,"comment_status":"closed","ping_status":"closed","template":"template-fullwidth.php","meta":[],"yoast_head":"<!-- This site is optimized with the Yoast SEO plugin v15.9 - https:\/\/yoast.com\/wordpress\/plugins\/seo\/ -->\n<title>Conciertos did\u00e1cticos - TriOpera.es<\/title>\n<meta name=\"description\" content=\"TriOpera es un conjunto l\u00edrico formado por una soprano, un tenor y un pianista radicado en Madrid, Espa\u00f1a. TriOpera interpreta romanzas de zarzuela y arias de \u00f3pera as\u00ed como repertorio religioso y de c\u00e1mara.\" \/>\n<meta name=\"robots\" content=\"index, follow, max-snippet:-1, max-image-preview:large, max-video-preview:-1\" \/>\n<link rel=\"canonical\" href=\"https:\/\/triopera.es\/index.php\/conciertos-didacticos\/\" \/>\n<meta property=\"og:locale\" content=\"es_ES\" \/>\n<meta property=\"og:type\" content=\"article\" \/>\n<meta property=\"og:title\" content=\"Conciertos did\u00e1cticos - TriOpera.es\" \/>\n<meta property=\"og:description\" content=\"TriOpera es un conjunto l\u00edrico formado por una soprano, un tenor y un pianista radicado en Madrid, Espa\u00f1a. TriOpera interpreta romanzas de zarzuela y arias de \u00f3pera as\u00ed como repertorio religioso y de c\u00e1mara.\" \/>\n<meta property=\"og:url\" content=\"https:\/\/triopera.es\/index.php\/conciertos-didacticos\/\" \/>\n<meta property=\"og:site_name\" content=\"TriOpera.es\" \/>\n<meta property=\"article:modified_time\" content=\"2019-08-29T17:51:20+00:00\" \/>\n<meta name=\"twitter:card\" content=\"summary_large_image\" \/>\n<meta name=\"twitter:label1\" content=\"Tiempo de lectura\">\n\t<meta name=\"twitter:data1\" content=\"2 minutos\">\n<script type=\"application\/ld+json\" class=\"yoast-schema-graph\">{\"@context\":\"https:\/\/schema.org\",\"@graph\":[{\"@type\":\"Organization\",\"@id\":\"http:\/\/triopera.es\/#organization\",\"name\":\"TriOpera\",\"url\":\"http:\/\/triopera.es\/\",\"sameAs\":[],\"logo\":{\"@type\":\"ImageObject\",\"@id\":\"http:\/\/triopera.es\/#logo\",\"inLanguage\":\"es\",\"url\":\"https:\/\/triopera.es\/wp-content\/uploads\/2019\/08\/logotipo-TriOperaGrande-Garamond.jpg\",\"width\":1435,\"height\":320,\"caption\":\"TriOpera\"},\"image\":{\"@id\":\"http:\/\/triopera.es\/#logo\"}},{\"@type\":\"WebSite\",\"@id\":\"http:\/\/triopera.es\/#website\",\"url\":\"http:\/\/triopera.es\/\",\"name\":\"TriOpera.es\",\"description\":\"Soprano, tenor y pianista\",\"publisher\":{\"@id\":\"http:\/\/triopera.es\/#organization\"},\"potentialAction\":[{\"@type\":\"SearchAction\",\"target\":\"http:\/\/triopera.es\/?s={search_term_string}\",\"query-input\":\"required name=search_term_string\"}],\"inLanguage\":\"es\"},{\"@type\":\"WebPage\",\"@id\":\"https:\/\/triopera.es\/index.php\/conciertos-didacticos\/#webpage\",\"url\":\"https:\/\/triopera.es\/index.php\/conciertos-didacticos\/\",\"name\":\"Conciertos did\\u00e1cticos - TriOpera.es\",\"isPartOf\":{\"@id\":\"http:\/\/triopera.es\/#website\"},\"datePublished\":\"2019-08-29T14:42:25+00:00\",\"dateModified\":\"2019-08-29T17:51:20+00:00\",\"description\":\"TriOpera es un conjunto l\\u00edrico formado por una soprano, un tenor y un pianista radicado en Madrid, Espa\\u00f1a. TriOpera interpreta romanzas de zarzuela y arias de \\u00f3pera as\\u00ed como repertorio religioso y de c\\u00e1mara.\",\"breadcrumb\":{\"@id\":\"https:\/\/triopera.es\/index.php\/conciertos-didacticos\/#breadcrumb\"},\"inLanguage\":\"es\",\"potentialAction\":[{\"@type\":\"ReadAction\",\"target\":[\"https:\/\/triopera.es\/index.php\/conciertos-didacticos\/\"]}]},{\"@type\":\"BreadcrumbList\",\"@id\":\"https:\/\/triopera.es\/index.php\/conciertos-didacticos\/#breadcrumb\",\"itemListElement\":[{\"@type\":\"ListItem\",\"position\":1,\"item\":{\"@type\":\"WebPage\",\"@id\":\"http:\/\/triopera.es\/\",\"url\":\"http:\/\/triopera.es\/\",\"name\":\"Portada\"}},{\"@type\":\"ListItem\",\"position\":2,\"item\":{\"@type\":\"WebPage\",\"@id\":\"https:\/\/triopera.es\/index.php\/conciertos-didacticos\/\",\"url\":\"https:\/\/triopera.es\/index.php\/conciertos-didacticos\/\",\"name\":\"Conciertos did\\u00e1cticos\"}}]}]}<\/script>\n<!-- \/ Yoast SEO plugin. -->","_links":{"self":[{"href":"https:\/\/triopera.es\/index.php\/wp-json\/wp\/v2\/pages\/228"}],"collection":[{"href":"https:\/\/triopera.es\/index.php\/wp-json\/wp\/v2\/pages"}],"about":[{"href":"https:\/\/triopera.es\/index.php\/wp-json\/wp\/v2\/types\/page"}],"author":[{"embeddable":true,"href":"https:\/\/triopera.es\/index.php\/wp-json\/wp\/v2\/users\/1"}],"replies":[{"embeddable":true,"href":"https:\/\/triopera.es\/index.php\/wp-json\/wp\/v2\/comments?post=228"}],"version-history":[{"count":2,"href":"https:\/\/triopera.es\/index.php\/wp-json\/wp\/v2\/pages\/228\/revisions"}],"predecessor-version":[{"id":317,"href":"https:\/\/triopera.es\/index.php\/wp-json\/wp\/v2\/pages\/228\/revisions\/317"}],"wp:attachment":[{"href":"https:\/\/triopera.es\/index.php\/wp-json\/wp\/v2\/media?parent=228"}],"curies":[{"name":"wp","href":"https:\/\/api.w.org\/{rel}","templated":true}]}}