{"id":107,"date":"2019-08-28T20:08:55","date_gmt":"2019-08-28T20:08:55","guid":{"rendered":"http:\/\/triopera.es\/?page_id=107"},"modified":"2019-08-29T08:12:42","modified_gmt":"2019-08-29T08:12:42","slug":"triopera","status":"publish","type":"page","link":"https:\/\/triopera.es\/index.php\/triopera\/","title":{"rendered":"Galer\u00eda fotogr\u00e1fica"},"content":{"rendered":"","protected":false},"excerpt":{"rendered":"","protected":false},"author":1,"featured_media":0,"parent":0,"menu_order":0,"comment_status":"closed","ping_status":"closed","template":"template-listing-gallery.php","meta":[],"yoast_head":"<!-- This site is optimized with the Yoast SEO plugin v15.9 - https:\/\/yoast.com\/wordpress\/plugins\/seo\/ -->\n<title>Galer\u00eda fotogr\u00e1fica - TriOpera.es<\/title>\n<meta name=\"description\" content=\"TriOpera es un conjunto l\u00edrico formado por una soprano, un tenor y un pianista radicado en Madrid, Espa\u00f1a. TriOpera interpreta romanzas de zarzuela y arias de \u00f3pera as\u00ed como repertorio religioso y de c\u00e1mara.\" \/>\n<meta name=\"robots\" content=\"index, follow, max-snippet:-1, max-image-preview:large, max-video-preview:-1\" \/>\n<link rel=\"canonical\" href=\"https:\/\/triopera.es\/index.php\/triopera\/\" \/>\n<meta property=\"og:locale\" content=\"es_ES\" \/>\n<meta property=\"og:type\" content=\"article\" \/>\n<meta property=\"og:title\" content=\"Galer\u00eda fotogr\u00e1fica - TriOpera.es\" \/>\n<meta property=\"og:description\" content=\"TriOpera es un conjunto l\u00edrico formado por una soprano, un tenor y un pianista radicado en Madrid, Espa\u00f1a. TriOpera interpreta romanzas de zarzuela y arias de \u00f3pera as\u00ed como repertorio religioso y de c\u00e1mara.\" \/>\n<meta property=\"og:url\" content=\"https:\/\/triopera.es\/index.php\/triopera\/\" \/>\n<meta property=\"og:site_name\" content=\"TriOpera.es\" \/>\n<meta property=\"article:modified_time\" content=\"2019-08-29T08:12:42+00:00\" \/>\n<meta name=\"twitter:card\" content=\"summary_large_image\" \/>\n<script type=\"application\/ld+json\" class=\"yoast-schema-graph\">{\"@context\":\"https:\/\/schema.org\",\"@graph\":[{\"@type\":\"Organization\",\"@id\":\"http:\/\/triopera.es\/#organization\",\"name\":\"TriOpera\",\"url\":\"http:\/\/triopera.es\/\",\"sameAs\":[],\"logo\":{\"@type\":\"ImageObject\",\"@id\":\"http:\/\/triopera.es\/#logo\",\"inLanguage\":\"es\",\"url\":\"https:\/\/triopera.es\/wp-content\/uploads\/2019\/08\/logotipo-TriOperaGrande-Garamond.jpg\",\"width\":1435,\"height\":320,\"caption\":\"TriOpera\"},\"image\":{\"@id\":\"http:\/\/triopera.es\/#logo\"}},{\"@type\":\"WebSite\",\"@id\":\"http:\/\/triopera.es\/#website\",\"url\":\"http:\/\/triopera.es\/\",\"name\":\"TriOpera.es\",\"description\":\"Soprano, tenor y pianista\",\"publisher\":{\"@id\":\"http:\/\/triopera.es\/#organization\"},\"potentialAction\":[{\"@type\":\"SearchAction\",\"target\":\"http:\/\/triopera.es\/?s={search_term_string}\",\"query-input\":\"required name=search_term_string\"}],\"inLanguage\":\"es\"},{\"@type\":\"WebPage\",\"@id\":\"https:\/\/triopera.es\/index.php\/triopera\/#webpage\",\"url\":\"https:\/\/triopera.es\/index.php\/triopera\/\",\"name\":\"Galer\\u00eda fotogr\\u00e1fica - TriOpera.es\",\"isPartOf\":{\"@id\":\"http:\/\/triopera.es\/#website\"},\"datePublished\":\"2019-08-28T20:08:55+00:00\",\"dateModified\":\"2019-08-29T08:12:42+00:00\",\"description\":\"TriOpera es un conjunto l\\u00edrico formado por una soprano, un tenor y un pianista radicado en Madrid, Espa\\u00f1a. TriOpera interpreta romanzas de zarzuela y arias de \\u00f3pera as\\u00ed como repertorio religioso y de c\\u00e1mara.\",\"breadcrumb\":{\"@id\":\"https:\/\/triopera.es\/index.php\/triopera\/#breadcrumb\"},\"inLanguage\":\"es\",\"potentialAction\":[{\"@type\":\"ReadAction\",\"target\":[\"https:\/\/triopera.es\/index.php\/triopera\/\"]}]},{\"@type\":\"BreadcrumbList\",\"@id\":\"https:\/\/triopera.es\/index.php\/triopera\/#breadcrumb\",\"itemListElement\":[{\"@type\":\"ListItem\",\"position\":1,\"item\":{\"@type\":\"WebPage\",\"@id\":\"http:\/\/triopera.es\/\",\"url\":\"http:\/\/triopera.es\/\",\"name\":\"Portada\"}},{\"@type\":\"ListItem\",\"position\":2,\"item\":{\"@type\":\"WebPage\",\"@id\":\"https:\/\/triopera.es\/index.php\/triopera\/\",\"url\":\"https:\/\/triopera.es\/index.php\/triopera\/\",\"name\":\"Galer\\u00eda fotogr\\u00e1fica\"}}]}]}<\/script>\n<!-- \/ Yoast SEO plugin. -->","_links":{"self":[{"href":"https:\/\/triopera.es\/index.php\/wp-json\/wp\/v2\/pages\/107"}],"collection":[{"href":"https:\/\/triopera.es\/index.php\/wp-json\/wp\/v2\/pages"}],"about":[{"href":"https:\/\/triopera.es\/index.php\/wp-json\/wp\/v2\/types\/page"}],"author":[{"embeddable":true,"href":"https:\/\/triopera.es\/index.php\/wp-json\/wp\/v2\/users\/1"}],"replies":[{"embeddable":true,"href":"https:\/\/triopera.es\/index.php\/wp-json\/wp\/v2\/comments?post=107"}],"version-history":[{"count":3,"href":"https:\/\/triopera.es\/index.php\/wp-json\/wp\/v2\/pages\/107\/revisions"}],"predecessor-version":[{"id":164,"href":"https:\/\/triopera.es\/index.php\/wp-json\/wp\/v2\/pages\/107\/revisions\/164"}],"wp:attachment":[{"href":"https:\/\/triopera.es\/index.php\/wp-json\/wp\/v2\/media?parent=107"}],"curies":[{"name":"wp","href":"https:\/\/api.w.org\/{rel}","templated":true}]}}