{"id":259,"date":"2019-08-29T16:33:14","date_gmt":"2019-08-29T16:33:14","guid":{"rendered":"http:\/\/triopera.es\/?page_id=259"},"modified":"2019-09-12T22:11:09","modified_gmt":"2019-09-12T22:11:09","slug":"repertorio-de-camara","status":"publish","type":"page","link":"http:\/\/triopera.es\/index.php\/nuestro-repertorio\/repertorio-de-camara\/","title":{"rendered":"Repertorio de c\u00e1mara"},"content":{"rendered":"\n<p><strong>Lied<\/strong><\/p>\n\n\n\n<table class=\"wp-block-table\"><tbody><tr><td><br>\n<\/td><td>&nbsp;Bist du bei mir<\/td><td>&nbsp;Bach<\/td><\/tr><tr><td><br>\n<\/td><td>&nbsp;Der gang zum liebchen<\/td><td>&nbsp;Brahms<\/td><\/tr><tr><td><br>\n<\/td><td>&nbsp;Wie\nMelodien zieht es mir<\/td><td>&nbsp;Brahms<\/td><\/tr><tr><td>&nbsp;<br>\n<\/td><td>&nbsp;Still wie di nacht<\/td><td>&nbsp;C Bohm<\/td><\/tr><tr><td><a href=\"https:\/\/sites.google.com\/site\/trioperaes\/gallery\/archivador-de-audio\"><\/a><\/td><td>&nbsp;Gretchen am Spinnrade<\/td><td>&nbsp;Schubert<\/td><\/tr><tr><td>&nbsp;<br>\n<\/td><td>&nbsp;Myrte<\/td><td>&nbsp;Schumann<\/td><\/tr><tr><td>&nbsp;<\/td><td>&nbsp;Im wundersch\u00a8nen Monat Mai (Dichterliebe)<\/td><td>&nbsp;Schumann<\/td><\/tr><tr><td>&nbsp;<\/td><td>&nbsp;Seit\nich ihn gesehen (Frauenliebe und Leben)<\/td><td>&nbsp;Schumann<\/td><\/tr><tr><td>&nbsp;<\/td><td>&nbsp;Er, der Herrlichste von allen (Frauenliebe und Leben)<\/td><td>Schumann<\/td><\/tr><tr><td>&nbsp;<\/td><td>&nbsp;Du\nRing an meinem Finger (Frauenliebe\nund Leben)<\/td><td>&nbsp;Schumann<\/td><\/tr><tr><td>&nbsp;<br>\n<\/td><td>&nbsp;Morgen<\/td><td>&nbsp;Strauss<\/td><\/tr><tr><td>&nbsp;<br>\n<\/td><td>&nbsp;Zueignung<\/td><td>&nbsp;Strauss<\/td><\/tr><tr><td>&nbsp;<\/td><td>&nbsp;None but the lonely\nknow<\/td><td>&nbsp;Tchaikovsky<\/td><\/tr><tr><td><a href=\"https:\/\/sites.google.com\/site\/trioperaes\/gallery\/archivador-de-audio\"><\/a><\/td><td>&nbsp;Verborgenheit (M\u00f6rike Lieder)<\/td><td>&nbsp;Wolf<\/td><\/tr><\/tbody><\/table>\n\n\n\n<p><strong>Canci\u00f3n Francesa<\/strong><br><br><\/p>\n\n\n\n<table class=\"wp-block-table\"><tbody><tr><td>&nbsp;<\/td><td>&nbsp;Ouvre ton coeur<br>\n<\/td><td>&nbsp;Bizet<\/td><\/tr><tr><td>&nbsp;<\/td><td>&nbsp;Chanson triste<\/td><td>&nbsp;Duparc<\/td><\/tr><tr><td>&nbsp;<\/td><td>&nbsp;Puisqu&#8217;ici-bas\ntoute ame<\/td><td>&nbsp;Faur\u00e9<\/td><\/tr><tr><td>&nbsp;<\/td><td>&nbsp;Elegie<\/td><td>&nbsp;Massenet<\/td><\/tr><tr><td>&nbsp;<\/td><td>&nbsp;Les\nchemins de l&#8217;amour<\/td><td>&nbsp;Poulanc<\/td><\/tr><tr><td>&nbsp;<\/td><td>&nbsp;L&#8217;heure exquise<\/td><td>&nbsp;R.Hann<\/td><\/tr><tr><td>&nbsp;<\/td><td>&nbsp;La Diva de&nbsp; L&#8217;Empire<\/td><td>&nbsp;<\/td><\/tr><\/tbody><\/table>\n\n\n\n<p><strong>Art Song &#8211; Musical<\/strong><br><br><\/p>\n\n\n\n<table class=\"wp-block-table\"><tbody><tr><td>&nbsp;<\/td><td>&nbsp;Passing by<\/td><td>&nbsp;E.Purcell<\/td><\/tr><tr><td>&nbsp;<\/td><td>&nbsp;The\nimpossible dream (Don Quijote)<\/td><td>&nbsp;M Leigh<\/td><\/tr><tr><td>&nbsp;<\/td><td>&nbsp;My ship<\/td><td>&nbsp;Weill<\/td><\/tr><tr><td>&nbsp;<\/td><td>&nbsp;The Salley Gardens<\/td><td>&nbsp;Canci\u00f3n popular\nirlandesa<\/td><\/tr><tr><td>&nbsp;<\/td><td><br><\/td><td><br><\/td><\/tr><\/tbody><\/table>\n\n\n\n<p><strong>Arias Italianas Antiguas cantadas por Soprano<\/strong><br><\/p>\n\n\n\n<table class=\"wp-block-table\"><tbody><tr><td>&nbsp;<\/td><td>&nbsp;Il Fervido Desiderio (Tre ariette)<\/td><td>&nbsp;Bellini<\/td><\/tr><tr><td>&nbsp;<\/td><td>&nbsp;Dolente immagine di fille mia (Tre ariette)<\/td><td>&nbsp;Bellini<\/td><\/tr><tr><td>&nbsp;<\/td><td>&nbsp;Vaga Luna che inargenti (Tre ariette)<\/td><td>&nbsp;Bellini<\/td><\/tr><tr><td>&nbsp;<\/td><td>&nbsp;La\nfarfalletta<\/td><td>&nbsp;Bellini<\/td><\/tr><tr><td>&nbsp;<\/td><td>&nbsp;Amarilli,\nmia bella<\/td><td>&nbsp;Caccini<\/td><\/tr><tr><td>&nbsp;<\/td><td>&nbsp;Selve\namiche<\/td><td>&nbsp;Caldara<\/td><\/tr><tr><td>&nbsp;<\/td><td>&nbsp;Sebben\nCrudele<\/td><td>&nbsp;Caldara<\/td><\/tr><tr><td>&nbsp;<\/td><td>&nbsp;Delizie\ncontente<\/td><td>&nbsp;Cavalli<\/td><\/tr><tr><td>&nbsp;<\/td><td>&nbsp;Caro\nMio Ben<\/td><td>&nbsp;Giordani<\/td><\/tr><tr><td>&nbsp;<\/td><td>&nbsp;O del mio\ndolce Ardor<\/td><td>&nbsp;Gluck<\/td><\/tr><tr><td>&nbsp;<\/td><td>&nbsp;Quella\nFiamma che m&#8217;accende<\/td><td>&nbsp;Marcello<\/td><\/tr><tr><td>&nbsp;<\/td><td>&nbsp;Chi\nvuol la zingarella<\/td><td>&nbsp;Paisiello<\/td><\/tr><tr><td>&nbsp;<\/td><td>&nbsp;Nel\ncor pi\u00fa non mi sento<\/td><td>&nbsp;Paisiello<\/td><\/tr><tr><td>&nbsp;<\/td><td>&nbsp;Se\ntu Mami<\/td><td>&nbsp;Pergolesi<\/td><\/tr><tr><td>&nbsp;<\/td><td>&nbsp;Se\nbel rio<\/td><td>&nbsp;Rontani<\/td><\/tr><tr><td>&nbsp;<\/td><td>&nbsp;Se\nFlorindo e Fedele<\/td><td>&nbsp;Scarlatti <br>\n<\/td><\/tr><tr><td>&nbsp;<\/td><td>&nbsp;O\nCessate di piagarmi<\/td><td>&nbsp;Scarlatti <br>\n<\/td><\/tr><tr><td>&nbsp;<\/td><td>&nbsp;Gia il sole dal\nGange<\/td><td>&nbsp;Scarlatti <br>\n<\/td><\/tr><\/tbody><\/table>\n\n\n\n<p><strong>Arias Italianas Antiguas y Canci\u00f3n Italiana cantadas por Tenor<\/strong><br><br><\/p>\n\n\n\n<table class=\"wp-block-table\"><tbody><tr><td>&nbsp;<\/td><td>&nbsp;O Sole mio<\/td><td>Di Capua<br>\n <\/td><\/tr><tr><td>&nbsp;<\/td><td>&nbsp;Santa Lucia<\/td><td>Anonimo<br>\n <\/td><\/tr><tr><td>&nbsp;<\/td><td>&nbsp;Bella nice<\/td><td>Bellini <br>\n<\/td><\/tr><tr><td>&nbsp;<\/td><td>&nbsp;Ma rendi pur<\/td><td>Bellini <br>\n<\/td><\/tr><tr><td>&nbsp;<\/td><td>&nbsp;Malinconia<\/td><td>Bellini <br>\n<\/td><\/tr><tr><td>&nbsp;<\/td><td>&nbsp;Per Pieta<\/td><td>Bellini <br>\n<\/td><\/tr><tr><td>&nbsp;<\/td><td>&nbsp;Vaga Luna<\/td><td>Bellini <br>\n<\/td><\/tr><tr><td>&nbsp;<\/td><td>&nbsp;Vanne o rosa<\/td><td>Bellini <br>\n<\/td><\/tr><tr><td>&nbsp;<\/td><td>&nbsp;Caro mio ben<\/td><td>Giordani<\/td><\/tr><tr><td><a href=\"https:\/\/sites.google.com\/site\/trioperaes\/gallery\/archivador-de-audio\"><\/a><\/td><td>&nbsp;Si dolce il tormento<\/td><td>Monteverdi<\/td><\/tr><tr><td>&nbsp;<\/td><td>&nbsp;Vado Ben Spesso<\/td><td>Rosa <br>\n<\/td><\/tr><tr><td>&nbsp;<\/td><td>&nbsp;O Cessate di Piagarmi<\/td><td>Scarlatti<\/td><\/tr><tr><td>&nbsp;<\/td><td>&nbsp;Se Florindo e fedele<\/td><td>Scarlatti<\/td><\/tr><tr><td>&nbsp;<\/td><td>&nbsp;Toglietemi la vita ancor<\/td><td>Scarlatti<\/td><\/tr><tr><td>&nbsp;<\/td><td>&nbsp;A Vucchella<\/td><td>Tosti<\/td><\/tr><\/tbody><\/table>\n","protected":false},"excerpt":{"rendered":"<p>Lied &nbsp;Bist du bei mir &nbsp;Bach &nbsp;Der gang zum liebchen &nbsp;Brahms &nbsp;Wie Melodien zieht es mir &nbsp;Brahms &nbsp; &nbsp;Still wie di nacht &nbsp;C Bohm &nbsp;Gretchen am Spinnrade &nbsp;Schubert &nbsp; &nbsp;Myrte &nbsp;Schumann &nbsp; &nbsp;Im wundersch\u00a8nen Monat Mai (Dichterliebe) &nbsp;Schumann &nbsp; &nbsp;Seit ich ihn gesehen (Frauenliebe und Leben) &nbsp;Schumann &nbsp; &nbsp;Er, der Herrlichste von allen (Frauenliebe und Leben) Schumann &nbsp; &nbsp;Du Ring an meinem Finger (Frauenliebe und Leben) &nbsp;Schumann &nbsp; &nbsp;Morgen &nbsp;Strauss &nbsp; &nbsp;Zueignung &nbsp;Strauss &nbsp; &nbsp;None but the lonely know &nbsp;Tchaikovsky &nbsp;Verborgenheit (M\u00f6rike Lieder) &nbsp;Wolf Canci\u00f3n Francesa &nbsp; &nbsp;Ouvre ton coeur &nbsp;Bizet &nbsp; &nbsp;Chanson triste &nbsp;Duparc &nbsp; &nbsp;Puisqu&#8217;ici-bas toute ame &nbsp;Faur\u00e9 [&hellip;]<\/p>\n","protected":false},"author":1,"featured_media":0,"parent":26,"menu_order":0,"comment_status":"closed","ping_status":"closed","template":"","meta":[],"yoast_head":"<!-- This site is optimized with the Yoast SEO plugin v15.9 - https:\/\/yoast.com\/wordpress\/plugins\/seo\/ -->\n<title>Repertorio de c\u00e1mara - TriOpera.es<\/title>\n<meta name=\"description\" content=\"TriOpera es un conjunto l\u00edrico formado por una soprano, un tenor y un pianista radicado en Madrid, Espa\u00f1a. TriOpera interpreta romanzas de zarzuela y arias de \u00f3pera as\u00ed como repertorio religioso y de c\u00e1mara.\" \/>\n<meta name=\"robots\" content=\"index, follow, max-snippet:-1, max-image-preview:large, max-video-preview:-1\" \/>\n<link rel=\"canonical\" href=\"http:\/\/triopera.es\/index.php\/nuestro-repertorio\/repertorio-de-camara\/\" \/>\n<meta property=\"og:locale\" content=\"es_ES\" \/>\n<meta property=\"og:type\" content=\"article\" \/>\n<meta property=\"og:title\" content=\"Repertorio de c\u00e1mara - TriOpera.es\" \/>\n<meta property=\"og:description\" content=\"TriOpera es un conjunto l\u00edrico formado por una soprano, un tenor y un pianista radicado en Madrid, Espa\u00f1a. TriOpera interpreta romanzas de zarzuela y arias de \u00f3pera as\u00ed como repertorio religioso y de c\u00e1mara.\" \/>\n<meta property=\"og:url\" content=\"http:\/\/triopera.es\/index.php\/nuestro-repertorio\/repertorio-de-camara\/\" \/>\n<meta property=\"og:site_name\" content=\"TriOpera.es\" \/>\n<meta property=\"article:modified_time\" content=\"2019-09-12T22:11:09+00:00\" \/>\n<meta name=\"twitter:card\" content=\"summary_large_image\" \/>\n<meta name=\"twitter:label1\" content=\"Tiempo de lectura\">\n\t<meta name=\"twitter:data1\" content=\"2 minutos\">\n<script type=\"application\/ld+json\" class=\"yoast-schema-graph\">{\"@context\":\"https:\/\/schema.org\",\"@graph\":[{\"@type\":\"Organization\",\"@id\":\"http:\/\/triopera.es\/#organization\",\"name\":\"TriOpera\",\"url\":\"http:\/\/triopera.es\/\",\"sameAs\":[],\"logo\":{\"@type\":\"ImageObject\",\"@id\":\"http:\/\/triopera.es\/#logo\",\"inLanguage\":\"es\",\"url\":\"http:\/\/triopera.es\/wp-content\/uploads\/2019\/08\/logotipo-TriOperaGrande-Garamond.jpg\",\"width\":1435,\"height\":320,\"caption\":\"TriOpera\"},\"image\":{\"@id\":\"http:\/\/triopera.es\/#logo\"}},{\"@type\":\"WebSite\",\"@id\":\"http:\/\/triopera.es\/#website\",\"url\":\"http:\/\/triopera.es\/\",\"name\":\"TriOpera.es\",\"description\":\"Soprano, tenor y pianista\",\"publisher\":{\"@id\":\"http:\/\/triopera.es\/#organization\"},\"potentialAction\":[{\"@type\":\"SearchAction\",\"target\":\"http:\/\/triopera.es\/?s={search_term_string}\",\"query-input\":\"required name=search_term_string\"}],\"inLanguage\":\"es\"},{\"@type\":\"WebPage\",\"@id\":\"http:\/\/triopera.es\/index.php\/nuestro-repertorio\/repertorio-de-camara\/#webpage\",\"url\":\"http:\/\/triopera.es\/index.php\/nuestro-repertorio\/repertorio-de-camara\/\",\"name\":\"Repertorio de c\\u00e1mara - TriOpera.es\",\"isPartOf\":{\"@id\":\"http:\/\/triopera.es\/#website\"},\"datePublished\":\"2019-08-29T16:33:14+00:00\",\"dateModified\":\"2019-09-12T22:11:09+00:00\",\"description\":\"TriOpera es un conjunto l\\u00edrico formado por una soprano, un tenor y un pianista radicado en Madrid, Espa\\u00f1a. TriOpera interpreta romanzas de zarzuela y arias de \\u00f3pera as\\u00ed como repertorio religioso y de c\\u00e1mara.\",\"breadcrumb\":{\"@id\":\"http:\/\/triopera.es\/index.php\/nuestro-repertorio\/repertorio-de-camara\/#breadcrumb\"},\"inLanguage\":\"es\",\"potentialAction\":[{\"@type\":\"ReadAction\",\"target\":[\"http:\/\/triopera.es\/index.php\/nuestro-repertorio\/repertorio-de-camara\/\"]}]},{\"@type\":\"BreadcrumbList\",\"@id\":\"http:\/\/triopera.es\/index.php\/nuestro-repertorio\/repertorio-de-camara\/#breadcrumb\",\"itemListElement\":[{\"@type\":\"ListItem\",\"position\":1,\"item\":{\"@type\":\"WebPage\",\"@id\":\"http:\/\/triopera.es\/\",\"url\":\"http:\/\/triopera.es\/\",\"name\":\"Portada\"}},{\"@type\":\"ListItem\",\"position\":2,\"item\":{\"@type\":\"WebPage\",\"@id\":\"http:\/\/triopera.es\/index.php\/nuestro-repertorio\/\",\"url\":\"http:\/\/triopera.es\/index.php\/nuestro-repertorio\/\",\"name\":\"Nuestro repertorio\"}},{\"@type\":\"ListItem\",\"position\":3,\"item\":{\"@type\":\"WebPage\",\"@id\":\"http:\/\/triopera.es\/index.php\/nuestro-repertorio\/repertorio-de-camara\/\",\"url\":\"http:\/\/triopera.es\/index.php\/nuestro-repertorio\/repertorio-de-camara\/\",\"name\":\"Repertorio de c\\u00e1mara\"}}]}]}<\/script>\n<!-- \/ Yoast SEO plugin. -->","_links":{"self":[{"href":"http:\/\/triopera.es\/index.php\/wp-json\/wp\/v2\/pages\/259"}],"collection":[{"href":"http:\/\/triopera.es\/index.php\/wp-json\/wp\/v2\/pages"}],"about":[{"href":"http:\/\/triopera.es\/index.php\/wp-json\/wp\/v2\/types\/page"}],"author":[{"embeddable":true,"href":"http:\/\/triopera.es\/index.php\/wp-json\/wp\/v2\/users\/1"}],"replies":[{"embeddable":true,"href":"http:\/\/triopera.es\/index.php\/wp-json\/wp\/v2\/comments?post=259"}],"version-history":[{"count":1,"href":"http:\/\/triopera.es\/index.php\/wp-json\/wp\/v2\/pages\/259\/revisions"}],"predecessor-version":[{"id":260,"href":"http:\/\/triopera.es\/index.php\/wp-json\/wp\/v2\/pages\/259\/revisions\/260"}],"up":[{"embeddable":true,"href":"http:\/\/triopera.es\/index.php\/wp-json\/wp\/v2\/pages\/26"}],"wp:attachment":[{"href":"http:\/\/triopera.es\/index.php\/wp-json\/wp\/v2\/media?parent=259"}],"curies":[{"name":"wp","href":"https:\/\/api.w.org\/{rel}","templated":true}]}}